{"id":2748,"date":"2025-07-29T16:11:18","date_gmt":"2025-07-29T14:11:18","guid":{"rendered":"https:\/\/robein-hou.com\/?page_id=2748"},"modified":"2026-01-14T15:35:23","modified_gmt":"2026-01-14T14:35:23","slug":"page-bourbach","status":"publish","type":"page","link":"https:\/\/robein-hou.com\/index.php\/page-bourbach\/","title":{"rendered":"Page Bourbach"},"content":{"rendered":"\t\t<div data-elementor-type=\"wp-page\" data-elementor-id=\"2748\" class=\"elementor elementor-2748\">\n\t\t\t\t<div class=\"elementor-element elementor-element-ed2db8e e-flex e-con-boxed e-con e-parent\" data-id=\"ed2db8e\" data-element_type=\"container\" data-e-type=\"container\">\n\t\t\t\t\t<div class=\"e-con-inner\">\n\t\t\t\t<div class=\"elementor-element elementor-element-c5bfd30 elementor-widget__width-initial elementor-widget-divider--view-line elementor-widget elementor-widget-divider\" data-id=\"c5bfd30\" data-element_type=\"widget\" data-e-type=\"widget\" data-widget_type=\"divider.default\">\n\t\t\t\t<div class=\"elementor-widget-container\">\n\t\t\t\t\t\t\t<div class=\"elementor-divider\">\n\t\t\t<span class=\"elementor-divider-separator\">\n\t\t\t\t\t\t<\/span>\n\t\t<\/div>\n\t\t\t\t\t\t<\/div>\n\t\t\t\t<\/div>\n\t\t\t\t\t<\/div>\n\t\t\t\t<\/div>\n\t\t<div class=\"elementor-element elementor-element-202a964 e-flex e-con-boxed e-con e-parent\" data-id=\"202a964\" data-element_type=\"container\" data-e-type=\"container\">\n\t\t\t\t\t<div class=\"e-con-inner\">\n\t\t<div class=\"elementor-element elementor-element-28481f1 e-flex e-con-boxed e-con e-child\" data-id=\"28481f1\" data-element_type=\"container\" data-e-type=\"container\">\n\t\t\t\t\t<div class=\"e-con-inner\">\n\t\t\t\t<div class=\"elementor-element elementor-element-0d66094 elementor-widget elementor-widget-spacer\" data-id=\"0d66094\" data-element_type=\"widget\" data-e-type=\"widget\" data-widget_type=\"spacer.default\">\n\t\t\t\t<div class=\"elementor-widget-container\">\n\t\t\t\t\t\t\t<div class=\"elementor-spacer\">\n\t\t\t<div class=\"elementor-spacer-inner\"><\/div>\n\t\t<\/div>\n\t\t\t\t\t\t<\/div>\n\t\t\t\t<\/div>\n\t\t\t\t\t<\/div>\n\t\t\t\t<\/div>\n\t\t\t\t\t<\/div>\n\t\t\t\t<\/div>\n\t\t<div class=\"elementor-element elementor-element-d793a26 e-con-full e-flex e-con e-parent\" data-id=\"d793a26\" data-element_type=\"container\" data-e-type=\"container\">\n\t\t<div class=\"elementor-element elementor-element-cdf01ff e-con-full e-flex e-con e-child\" data-id=\"cdf01ff\" data-element_type=\"container\" data-e-type=\"container\">\n\t\t\t\t<div class=\"elementor-element elementor-element-4c89ff3 elementor-widget elementor-widget-heading\" data-id=\"4c89ff3\" data-element_type=\"widget\" data-e-type=\"widget\" data-widget_type=\"heading.default\">\n\t\t\t\t<div class=\"elementor-widget-container\">\n\t\t\t\t\t<h2 class=\"elementor-heading-title elementor-size-default\">Bourbach-le-haut<\/h2>\t\t\t\t<\/div>\n\t\t\t\t<\/div>\n\t\t\t\t<\/div>\n\t\t<div class=\"elementor-element elementor-element-2a10346 e-con-full e-flex e-con e-child\" data-id=\"2a10346\" data-element_type=\"container\" data-e-type=\"container\">\n\t\t\t\t<div class=\"elementor-element elementor-element-357fe96 elementor-widget elementor-widget-text-editor\" data-id=\"357fe96\" data-element_type=\"widget\" data-e-type=\"widget\" data-widget_type=\"text-editor.default\">\n\t\t\t\t<div class=\"elementor-widget-container\">\n\t\t\t\t\t\t\t\t\t<p><span style=\"font-style: inherit; letter-spacing: 1.1px;\">Programme : Construction neuve d&rsquo;une maison en bois<\/span><\/p><p>Maitre d&rsquo;ouvrage priv\u00e9e<\/p><p>Montant des travaux : n.c.<\/p><p>Livr\u00e9 en d\u00e9cembre 2025\u00a0<\/p>\t\t\t\t\t\t\t\t<\/div>\n\t\t\t\t<\/div>\n\t\t\t\t<\/div>\n\t\t\t\t<\/div>\n\t\t<div class=\"elementor-element elementor-element-2e16009 e-flex e-con-boxed e-con e-parent\" data-id=\"2e16009\" data-element_type=\"container\" data-e-type=\"container\">\n\t\t\t\t\t<div class=\"e-con-inner\">\n\t\t<div class=\"elementor-element elementor-element-91e0abe e-flex e-con-boxed e-con e-child\" data-id=\"91e0abe\" data-element_type=\"container\" data-e-type=\"container\">\n\t\t\t\t\t<div class=\"e-con-inner\">\n\t\t\t\t<div class=\"elementor-element elementor-element-819c0c8 elementor-widget__width-initial elementor-widget-divider--view-line elementor-widget elementor-widget-divider\" data-id=\"819c0c8\" data-element_type=\"widget\" data-e-type=\"widget\" data-widget_type=\"divider.default\">\n\t\t\t\t<div class=\"elementor-widget-container\">\n\t\t\t\t\t\t\t<div class=\"elementor-divider\">\n\t\t\t<span class=\"elementor-divider-separator\">\n\t\t\t\t\t\t<\/span>\n\t\t<\/div>\n\t\t\t\t\t\t<\/div>\n\t\t\t\t<\/div>\n\t\t\t\t\t<\/div>\n\t\t\t\t<\/div>\n\t\t\t\t<div class=\"elementor-element elementor-element-c6be4e1 elementor-widget elementor-widget-spacer\" data-id=\"c6be4e1\" data-element_type=\"widget\" data-e-type=\"widget\" data-widget_type=\"spacer.default\">\n\t\t\t\t<div class=\"elementor-widget-container\">\n\t\t\t\t\t\t\t<div class=\"elementor-spacer\">\n\t\t\t<div class=\"elementor-spacer-inner\"><\/div>\n\t\t<\/div>\n\t\t\t\t\t\t<\/div>\n\t\t\t\t<\/div>\n\t\t\t\t<div class=\"elementor-element elementor-element-5667ccc animated-slow elementor-widget__width-initial elementor-widget-mobile__width-inherit elementor-invisible elementor-widget elementor-widget-image\" data-id=\"5667ccc\" data-element_type=\"widget\" data-e-type=\"widget\" data-settings=\"{&quot;_animation&quot;:&quot;fadeIn&quot;,&quot;_animation_delay&quot;:0}\" data-widget_type=\"image.default\">\n\t\t\t\t<div class=\"elementor-widget-container\">\n\t\t\t\t\t\t\t\t\t\t\t\t\t\t\t<img fetchpriority=\"high\" decoding=\"async\" width=\"1024\" height=\"672\" src=\"https:\/\/robein-hou.com\/wp-content\/uploads\/2026\/01\/Scan2025-01-06_162348-1024x672.png\" class=\"attachment-large size-large wp-image-2775\" alt=\"\" srcset=\"https:\/\/robein-hou.com\/wp-content\/uploads\/2026\/01\/Scan2025-01-06_162348-1024x672.png 1024w, https:\/\/robein-hou.com\/wp-content\/uploads\/2026\/01\/Scan2025-01-06_162348-300x197.png 300w, https:\/\/robein-hou.com\/wp-content\/uploads\/2026\/01\/Scan2025-01-06_162348-768x504.png 768w, https:\/\/robein-hou.com\/wp-content\/uploads\/2026\/01\/Scan2025-01-06_162348-1536x1008.png 1536w, https:\/\/robein-hou.com\/wp-content\/uploads\/2026\/01\/Scan2025-01-06_162348-2048x1344.png 2048w\" sizes=\"(max-width: 1024px) 100vw, 1024px\" \/>\t\t\t\t\t\t\t\t\t\t\t\t\t\t\t<\/div>\n\t\t\t\t<\/div>\n\t\t\t\t<div class=\"elementor-element elementor-element-b2b4656 elementor-widget elementor-widget-spacer\" data-id=\"b2b4656\" data-element_type=\"widget\" data-e-type=\"widget\" data-widget_type=\"spacer.default\">\n\t\t\t\t<div class=\"elementor-widget-container\">\n\t\t\t\t\t\t\t<div class=\"elementor-spacer\">\n\t\t\t<div class=\"elementor-spacer-inner\"><\/div>\n\t\t<\/div>\n\t\t\t\t\t\t<\/div>\n\t\t\t\t<\/div>\n\t\t\t\t\t<\/div>\n\t\t\t\t<\/div>\n\t\t<div class=\"elementor-element elementor-element-65e6bb3 e-con-full e-flex e-con e-parent\" data-id=\"65e6bb3\" data-element_type=\"container\" data-e-type=\"container\">\n\t\t<div class=\"elementor-element elementor-element-bbbf216 e-con-full e-flex e-con e-child\" data-id=\"bbbf216\" data-element_type=\"container\" data-e-type=\"container\">\n\t\t\t\t<div class=\"elementor-element elementor-element-ba6e73a animated-slow elementor-invisible elementor-widget elementor-widget-text-editor\" data-id=\"ba6e73a\" data-element_type=\"widget\" data-e-type=\"widget\" data-settings=\"{&quot;_animation&quot;:&quot;fadeIn&quot;}\" data-widget_type=\"text-editor.default\">\n\t\t\t\t<div class=\"elementor-widget-container\">\n\t\t\t\t\t\t\t\t\t<p>Le projet de Bourbach-le-Haut est une petite maison en bois nich\u00e9e dans le massif des Vosges, au bord d&rsquo;une rivi\u00e8re. La maison est enti\u00e8rement construite en bois, de la structure en bois local, en passant par le bardage, les menuiseries et jusqu&rsquo;au rev\u00eatement int\u00e9rieur. \u00a0<\/p>\t\t\t\t\t\t\t\t<\/div>\n\t\t\t\t<\/div>\n\t\t\t\t<\/div>\n\t\t\t\t<\/div>\n\t\t\t\t<section class=\"elementor-section elementor-top-section elementor-element elementor-element-1kkkz6m animated-slow elementor-section-boxed elementor-section-height-default elementor-section-height-default elementor-invisible\" data-id=\"1kkkz6m\" data-element_type=\"section\" data-e-type=\"section\" data-settings=\"{&quot;background_background&quot;:&quot;classic&quot;,&quot;animation&quot;:&quot;fadeIn&quot;}\">\n\t\t\t\t\t\t<div class=\"elementor-container elementor-column-gap-default\">\n\t\t\t\t\t<div class=\"elementor-column elementor-col-100 elementor-top-column elementor-element elementor-element-3bfd4be\" data-id=\"3bfd4be\" data-element_type=\"column\" data-e-type=\"column\">\n\t\t\t<div class=\"elementor-widget-wrap elementor-element-populated\">\n\t\t\t\t\t\t<div class=\"elementor-element elementor-element-3741179 gallery-spacing-custom elementor-widget elementor-widget-image-gallery\" data-id=\"3741179\" data-element_type=\"widget\" data-e-type=\"widget\" data-widget_type=\"image-gallery.default\">\n\t\t\t\t<div class=\"elementor-widget-container\">\n\t\t\t\t\t\t\t<div class=\"elementor-image-gallery\">\n\t\t\t<div id='gallery-1' class='gallery galleryid-2748 gallery-columns-1 gallery-size-large'><figure class='gallery-item'>\n\t\t\t<div class='gallery-icon portrait'>\n\t\t\t\t<img decoding=\"async\" width=\"693\" height=\"1024\" src=\"https:\/\/robein-hou.com\/wp-content\/uploads\/2026\/01\/Projet-Bourbach-4_PS-693x1024.jpg\" class=\"attachment-large size-large\" alt=\"\" srcset=\"https:\/\/robein-hou.com\/wp-content\/uploads\/2026\/01\/Projet-Bourbach-4_PS-693x1024.jpg 693w, https:\/\/robein-hou.com\/wp-content\/uploads\/2026\/01\/Projet-Bourbach-4_PS-203x300.jpg 203w, https:\/\/robein-hou.com\/wp-content\/uploads\/2026\/01\/Projet-Bourbach-4_PS-768x1135.jpg 768w, https:\/\/robein-hou.com\/wp-content\/uploads\/2026\/01\/Projet-Bourbach-4_PS-1039x1536.jpg 1039w, https:\/\/robein-hou.com\/wp-content\/uploads\/2026\/01\/Projet-Bourbach-4_PS-1385x2048.jpg 1385w, https:\/\/robein-hou.com\/wp-content\/uploads\/2026\/01\/Projet-Bourbach-4_PS-scaled.jpg 1732w\" sizes=\"(max-width: 693px) 100vw, 693px\" \/>\n\t\t\t<\/div><\/figure><figure class='gallery-item'>\n\t\t\t<div class='gallery-icon portrait'>\n\t\t\t\t<img decoding=\"async\" width=\"683\" height=\"1024\" src=\"https:\/\/robein-hou.com\/wp-content\/uploads\/2026\/01\/Projet-Bourbach-26-683x1024.jpg\" class=\"attachment-large size-large\" alt=\"\" srcset=\"https:\/\/robein-hou.com\/wp-content\/uploads\/2026\/01\/Projet-Bourbach-26-683x1024.jpg 683w, https:\/\/robein-hou.com\/wp-content\/uploads\/2026\/01\/Projet-Bourbach-26-200x300.jpg 200w, https:\/\/robein-hou.com\/wp-content\/uploads\/2026\/01\/Projet-Bourbach-26-768x1152.jpg 768w, https:\/\/robein-hou.com\/wp-content\/uploads\/2026\/01\/Projet-Bourbach-26-1024x1536.jpg 1024w, https:\/\/robein-hou.com\/wp-content\/uploads\/2026\/01\/Projet-Bourbach-26-scaled.jpg 1707w\" sizes=\"(max-width: 683px) 100vw, 683px\" \/>\n\t\t\t<\/div><\/figure><figure class='gallery-item'>\n\t\t\t<div class='gallery-icon landscape'>\n\t\t\t\t<img loading=\"lazy\" decoding=\"async\" width=\"1024\" height=\"683\" src=\"https:\/\/robein-hou.com\/wp-content\/uploads\/2026\/01\/Projet-Bourbach-29-1024x683.jpg\" class=\"attachment-large size-large\" alt=\"\" srcset=\"https:\/\/robein-hou.com\/wp-content\/uploads\/2026\/01\/Projet-Bourbach-29-1024x683.jpg 1024w, https:\/\/robein-hou.com\/wp-content\/uploads\/2026\/01\/Projet-Bourbach-29-300x200.jpg 300w, https:\/\/robein-hou.com\/wp-content\/uploads\/2026\/01\/Projet-Bourbach-29-768x512.jpg 768w, https:\/\/robein-hou.com\/wp-content\/uploads\/2026\/01\/Projet-Bourbach-29-1536x1024.jpg 1536w\" sizes=\"(max-width: 1024px) 100vw, 1024px\" \/>\n\t\t\t<\/div><\/figure><figure class='gallery-item'>\n\t\t\t<div class='gallery-icon landscape'>\n\t\t\t\t<img loading=\"lazy\" decoding=\"async\" width=\"1024\" height=\"683\" src=\"https:\/\/robein-hou.com\/wp-content\/uploads\/2026\/01\/Projet-Bourbach-28-1024x683.jpg\" class=\"attachment-large size-large\" alt=\"\" srcset=\"https:\/\/robein-hou.com\/wp-content\/uploads\/2026\/01\/Projet-Bourbach-28-1024x683.jpg 1024w, https:\/\/robein-hou.com\/wp-content\/uploads\/2026\/01\/Projet-Bourbach-28-300x200.jpg 300w, https:\/\/robein-hou.com\/wp-content\/uploads\/2026\/01\/Projet-Bourbach-28-768x512.jpg 768w, https:\/\/robein-hou.com\/wp-content\/uploads\/2026\/01\/Projet-Bourbach-28-1536x1024.jpg 1536w\" sizes=\"(max-width: 1024px) 100vw, 1024px\" \/>\n\t\t\t<\/div><\/figure><figure class='gallery-item'>\n\t\t\t<div class='gallery-icon portrait'>\n\t\t\t\t<img loading=\"lazy\" decoding=\"async\" width=\"683\" height=\"1024\" src=\"https:\/\/robein-hou.com\/wp-content\/uploads\/2026\/01\/Projet-Bourbach-7-683x1024.jpg\" class=\"attachment-large size-large\" alt=\"\" srcset=\"https:\/\/robein-hou.com\/wp-content\/uploads\/2026\/01\/Projet-Bourbach-7-683x1024.jpg 683w, https:\/\/robein-hou.com\/wp-content\/uploads\/2026\/01\/Projet-Bourbach-7-200x300.jpg 200w, https:\/\/robein-hou.com\/wp-content\/uploads\/2026\/01\/Projet-Bourbach-7-768x1152.jpg 768w, https:\/\/robein-hou.com\/wp-content\/uploads\/2026\/01\/Projet-Bourbach-7-1024x1536.jpg 1024w, https:\/\/robein-hou.com\/wp-content\/uploads\/2026\/01\/Projet-Bourbach-7-scaled.jpg 1707w\" sizes=\"(max-width: 683px) 100vw, 683px\" \/>\n\t\t\t<\/div><\/figure><figure class='gallery-item'>\n\t\t\t<div class='gallery-icon portrait'>\n\t\t\t\t<img loading=\"lazy\" decoding=\"async\" width=\"683\" height=\"1024\" src=\"https:\/\/robein-hou.com\/wp-content\/uploads\/2026\/01\/Projet-Bourbach-5-683x1024.jpg\" class=\"attachment-large size-large\" alt=\"\" srcset=\"https:\/\/robein-hou.com\/wp-content\/uploads\/2026\/01\/Projet-Bourbach-5-683x1024.jpg 683w, https:\/\/robein-hou.com\/wp-content\/uploads\/2026\/01\/Projet-Bourbach-5-200x300.jpg 200w, https:\/\/robein-hou.com\/wp-content\/uploads\/2026\/01\/Projet-Bourbach-5-768x1152.jpg 768w, https:\/\/robein-hou.com\/wp-content\/uploads\/2026\/01\/Projet-Bourbach-5-1024x1536.jpg 1024w, https:\/\/robein-hou.com\/wp-content\/uploads\/2026\/01\/Projet-Bourbach-5-scaled.jpg 1707w\" sizes=\"(max-width: 683px) 100vw, 683px\" \/>\n\t\t\t<\/div><\/figure><figure class='gallery-item'>\n\t\t\t<div class='gallery-icon landscape'>\n\t\t\t\t<img loading=\"lazy\" decoding=\"async\" width=\"1024\" height=\"683\" src=\"https:\/\/robein-hou.com\/wp-content\/uploads\/2026\/01\/Projet-Bourbach-11-copie-1024x683.jpg\" class=\"attachment-large size-large\" alt=\"\" srcset=\"https:\/\/robein-hou.com\/wp-content\/uploads\/2026\/01\/Projet-Bourbach-11-copie-1024x683.jpg 1024w, https:\/\/robein-hou.com\/wp-content\/uploads\/2026\/01\/Projet-Bourbach-11-copie-300x200.jpg 300w, https:\/\/robein-hou.com\/wp-content\/uploads\/2026\/01\/Projet-Bourbach-11-copie-768x512.jpg 768w, https:\/\/robein-hou.com\/wp-content\/uploads\/2026\/01\/Projet-Bourbach-11-copie-1536x1024.jpg 1536w\" sizes=\"(max-width: 1024px) 100vw, 1024px\" \/>\n\t\t\t<\/div><\/figure>\n\t\t<\/div>\n\t\t<\/div>\n\t\t\t\t\t\t<\/div>\n\t\t\t\t<\/div>\n\t\t\t\t\t<\/div>\n\t\t<\/div>\n\t\t\t\t\t<\/div>\n\t\t<\/section>\n\t\t<div class=\"elementor-element elementor-element-4ab3f68 e-flex e-con-boxed e-con e-parent\" data-id=\"4ab3f68\" data-element_type=\"container\" data-e-type=\"container\">\n\t\t\t\t\t<div class=\"e-con-inner\">\n\t\t\t\t<div class=\"elementor-element elementor-element-d7e8bb9 elementor-widget elementor-widget-text-editor\" data-id=\"d7e8bb9\" data-element_type=\"widget\" data-e-type=\"widget\" data-widget_type=\"text-editor.default\">\n\t\t\t\t<div class=\"elementor-widget-container\">\n\t\t\t\t\t\t\t\t\t<h6 style=\"text-align: right;\">Mathilde Tistchenko photographe<\/h6>\t\t\t\t\t\t\t\t<\/div>\n\t\t\t\t<\/div>\n\t\t\t\t\t<\/div>\n\t\t\t\t<\/div>\n\t\t<div class=\"elementor-element elementor-element-583618f e-flex e-con-boxed e-con e-parent\" data-id=\"583618f\" data-element_type=\"container\" data-e-type=\"container\">\n\t\t\t\t\t<div class=\"e-con-inner\">\n\t\t\t\t<div class=\"elementor-element elementor-element-5a6bc2a elementor-widget elementor-widget-spacer\" data-id=\"5a6bc2a\" data-element_type=\"widget\" data-e-type=\"widget\" data-widget_type=\"spacer.default\">\n\t\t\t\t<div class=\"elementor-widget-container\">\n\t\t\t\t\t\t\t<div class=\"elementor-spacer\">\n\t\t\t<div class=\"elementor-spacer-inner\"><\/div>\n\t\t<\/div>\n\t\t\t\t\t\t<\/div>\n\t\t\t\t<\/div>\n\t\t\t\t\t<\/div>\n\t\t\t\t<\/div>\n\t\t<div class=\"elementor-element elementor-element-2633128 e-flex e-con-boxed e-con e-parent\" data-id=\"2633128\" data-element_type=\"container\" data-e-type=\"container\">\n\t\t\t\t\t<div class=\"e-con-inner\">\n\t\t\t\t<div class=\"elementor-element elementor-element-384b9cc elementor-widget elementor-widget-image\" data-id=\"384b9cc\" data-element_type=\"widget\" data-e-type=\"widget\" data-widget_type=\"image.default\">\n\t\t\t\t<div class=\"elementor-widget-container\">\n\t\t\t\t\t\t\t\t\t\t\t\t\t\t\t<img loading=\"lazy\" decoding=\"async\" width=\"150\" height=\"150\" src=\"https:\/\/robein-hou.com\/wp-content\/uploads\/2024\/04\/Logo-30-150x150.jpg\" class=\"attachment-thumbnail size-thumbnail wp-image-2327\" alt=\"\" srcset=\"https:\/\/robein-hou.com\/wp-content\/uploads\/2024\/04\/Logo-30-150x150.jpg 150w, https:\/\/robein-hou.com\/wp-content\/uploads\/2024\/04\/Logo-30-300x300.jpg 300w, https:\/\/robein-hou.com\/wp-content\/uploads\/2024\/04\/Logo-30.jpg 356w\" sizes=\"(max-width: 150px) 100vw, 150px\" \/>\t\t\t\t\t\t\t\t\t\t\t\t\t\t\t<\/div>\n\t\t\t\t<\/div>\n\t\t\t\t\t<\/div>\n\t\t\t\t<\/div>\n\t\t\t\t<\/div>\n\t\t","protected":false},"excerpt":{"rendered":"<p>Bourbach-le-haut Programme : Construction neuve d&rsquo;une maison en bois Maitre d&rsquo;ouvrage priv\u00e9e Montant des travaux : n.c. Livr\u00e9 en d\u00e9cembre 2025\u00a0 Le projet de Bourbach-le-Haut est une petite maison en bois nich\u00e9e dans le massif des Vosges, au bord d&rsquo;une rivi\u00e8re. La maison est enti\u00e8rement construite en bois, de la structure en bois local, en &hellip;<\/p>\n<p class=\"read-more\"> <a class=\"\" href=\"https:\/\/robein-hou.com\/index.php\/page-bourbach\/\"> <span class=\"screen-reader-text\">Page Bourbach<\/span> Lire la suite\u00a0\u00bb<\/a><\/p>\n","protected":false},"author":1,"featured_media":0,"parent":0,"menu_order":0,"comment_status":"closed","ping_status":"closed","template":"","meta":{"site-sidebar-layout":"default","site-content-layout":"default","ast-global-header-display":"","ast-banner-title-visibility":"","ast-main-header-display":"","ast-hfb-above-header-display":"","ast-hfb-below-header-display":"","ast-hfb-mobile-header-display":"","site-post-title":"disabled","ast-breadcrumbs-content":"","ast-featured-img":"","footer-sml-layout":"","theme-transparent-header-meta":"","adv-header-id-meta":"","stick-header-meta":"","header-above-stick-meta":"","header-main-stick-meta":"","header-below-stick-meta":"","footnotes":""},"class_list":["post-2748","page","type-page","status-publish","hentry"],"jetpack_sharing_enabled":true,"_links":{"self":[{"href":"https:\/\/robein-hou.com\/index.php\/wp-json\/wp\/v2\/pages\/2748","targetHints":{"allow":["GET"]}}],"collection":[{"href":"https:\/\/robein-hou.com\/index.php\/wp-json\/wp\/v2\/pages"}],"about":[{"href":"https:\/\/robein-hou.com\/index.php\/wp-json\/wp\/v2\/types\/page"}],"author":[{"embeddable":true,"href":"https:\/\/robein-hou.com\/index.php\/wp-json\/wp\/v2\/users\/1"}],"replies":[{"embeddable":true,"href":"https:\/\/robein-hou.com\/index.php\/wp-json\/wp\/v2\/comments?post=2748"}],"version-history":[{"count":7,"href":"https:\/\/robein-hou.com\/index.php\/wp-json\/wp\/v2\/pages\/2748\/revisions"}],"predecessor-version":[{"id":2787,"href":"https:\/\/robein-hou.com\/index.php\/wp-json\/wp\/v2\/pages\/2748\/revisions\/2787"}],"wp:attachment":[{"href":"https:\/\/robein-hou.com\/index.php\/wp-json\/wp\/v2\/media?parent=2748"}],"curies":[{"name":"wp","href":"https:\/\/api.w.org\/{rel}","templated":true}]}}