{"id":2656,"date":"2025-06-23T19:27:18","date_gmt":"2025-06-23T17:27:18","guid":{"rendered":"https:\/\/robein-hou.com\/?page_id=2656"},"modified":"2025-06-23T19:35:27","modified_gmt":"2025-06-23T17:35:27","slug":"page-metz","status":"publish","type":"page","link":"https:\/\/robein-hou.com\/index.php\/page-metz\/","title":{"rendered":"Page Metz"},"content":{"rendered":"\t\t<div data-elementor-type=\"wp-page\" data-elementor-id=\"2656\" class=\"elementor elementor-2656\">\n\t\t\t\t<div class=\"elementor-element elementor-element-ed2db8e e-flex e-con-boxed e-con e-parent\" data-id=\"ed2db8e\" data-element_type=\"container\" data-e-type=\"container\">\n\t\t\t\t\t<div class=\"e-con-inner\">\n\t\t\t\t<div class=\"elementor-element elementor-element-c5bfd30 elementor-widget__width-initial elementor-widget-divider--view-line elementor-widget elementor-widget-divider\" data-id=\"c5bfd30\" data-element_type=\"widget\" data-e-type=\"widget\" data-widget_type=\"divider.default\">\n\t\t\t\t<div class=\"elementor-widget-container\">\n\t\t\t\t\t\t\t<div class=\"elementor-divider\">\n\t\t\t<span class=\"elementor-divider-separator\">\n\t\t\t\t\t\t<\/span>\n\t\t<\/div>\n\t\t\t\t\t\t<\/div>\n\t\t\t\t<\/div>\n\t\t\t\t\t<\/div>\n\t\t\t\t<\/div>\n\t\t<div class=\"elementor-element elementor-element-202a964 e-flex e-con-boxed e-con e-parent\" data-id=\"202a964\" data-element_type=\"container\" data-e-type=\"container\">\n\t\t\t\t\t<div class=\"e-con-inner\">\n\t\t<div class=\"elementor-element elementor-element-28481f1 e-flex e-con-boxed e-con e-child\" data-id=\"28481f1\" data-element_type=\"container\" data-e-type=\"container\">\n\t\t\t\t\t<div class=\"e-con-inner\">\n\t\t\t\t<div class=\"elementor-element elementor-element-0d66094 elementor-widget elementor-widget-spacer\" data-id=\"0d66094\" data-element_type=\"widget\" data-e-type=\"widget\" data-widget_type=\"spacer.default\">\n\t\t\t\t<div class=\"elementor-widget-container\">\n\t\t\t\t\t\t\t<div class=\"elementor-spacer\">\n\t\t\t<div class=\"elementor-spacer-inner\"><\/div>\n\t\t<\/div>\n\t\t\t\t\t\t<\/div>\n\t\t\t\t<\/div>\n\t\t\t\t\t<\/div>\n\t\t\t\t<\/div>\n\t\t\t\t\t<\/div>\n\t\t\t\t<\/div>\n\t\t<div class=\"elementor-element elementor-element-d793a26 e-con-full e-flex e-con e-parent\" data-id=\"d793a26\" data-element_type=\"container\" data-e-type=\"container\">\n\t\t<div class=\"elementor-element elementor-element-cdf01ff e-con-full e-flex e-con e-child\" data-id=\"cdf01ff\" data-element_type=\"container\" data-e-type=\"container\">\n\t\t\t\t<div class=\"elementor-element elementor-element-4c89ff3 elementor-widget elementor-widget-heading\" data-id=\"4c89ff3\" data-element_type=\"widget\" data-e-type=\"widget\" data-widget_type=\"heading.default\">\n\t\t\t\t<div class=\"elementor-widget-container\">\n\t\t\t\t\t<h2 class=\"elementor-heading-title elementor-size-default\">CROUS Metz<\/h2>\t\t\t\t<\/div>\n\t\t\t\t<\/div>\n\t\t\t\t<\/div>\n\t\t<div class=\"elementor-element elementor-element-2a10346 e-con-full e-flex e-con e-child\" data-id=\"2a10346\" data-element_type=\"container\" data-e-type=\"container\">\n\t\t\t\t<div class=\"elementor-element elementor-element-357fe96 elementor-widget elementor-widget-text-editor\" data-id=\"357fe96\" data-element_type=\"widget\" data-e-type=\"widget\" data-widget_type=\"text-editor.default\">\n\t\t\t\t<div class=\"elementor-widget-container\">\n\t\t\t\t\t\t\t\t\t<p><span style=\"font-style: inherit; letter-spacing: 1.1px;\">Programme : 130 logements, R\u00e9sidence \u00e9tudiante CROUS Metz, \u00eele du Saulcy<\/span><\/p><p>Maitre d&rsquo;ouvrage : CROUS Lorraine<\/p><p>Maitrise d&rsquo;oeuvre :\u00a0<\/p><p>Architecte mandataire Emmanuelle Colboc et associ\u00e9s<\/p><p>Architecte sous traitant Robein Hou architectes<\/p><p>Surface : 3100 m\u00b2<\/p><p>Montant des travaux : 5,9 millions \u20ac HT<\/p><p>BET : EGIS<\/p><p>APD en cours<\/p>\t\t\t\t\t\t\t\t<\/div>\n\t\t\t\t<\/div>\n\t\t\t\t<\/div>\n\t\t\t\t<\/div>\n\t\t<div class=\"elementor-element elementor-element-2e16009 e-flex e-con-boxed e-con e-parent\" data-id=\"2e16009\" data-element_type=\"container\" data-e-type=\"container\">\n\t\t\t\t\t<div class=\"e-con-inner\">\n\t\t<div class=\"elementor-element elementor-element-91e0abe e-flex e-con-boxed e-con e-child\" data-id=\"91e0abe\" data-element_type=\"container\" data-e-type=\"container\">\n\t\t\t\t\t<div class=\"e-con-inner\">\n\t\t\t\t<div class=\"elementor-element elementor-element-819c0c8 elementor-widget__width-initial elementor-widget-divider--view-line elementor-widget elementor-widget-divider\" data-id=\"819c0c8\" data-element_type=\"widget\" data-e-type=\"widget\" data-widget_type=\"divider.default\">\n\t\t\t\t<div class=\"elementor-widget-container\">\n\t\t\t\t\t\t\t<div class=\"elementor-divider\">\n\t\t\t<span class=\"elementor-divider-separator\">\n\t\t\t\t\t\t<\/span>\n\t\t<\/div>\n\t\t\t\t\t\t<\/div>\n\t\t\t\t<\/div>\n\t\t\t\t\t<\/div>\n\t\t\t\t<\/div>\n\t\t\t\t<div class=\"elementor-element elementor-element-c6be4e1 elementor-widget elementor-widget-spacer\" data-id=\"c6be4e1\" data-element_type=\"widget\" data-e-type=\"widget\" data-widget_type=\"spacer.default\">\n\t\t\t\t<div class=\"elementor-widget-container\">\n\t\t\t\t\t\t\t<div class=\"elementor-spacer\">\n\t\t\t<div class=\"elementor-spacer-inner\"><\/div>\n\t\t<\/div>\n\t\t\t\t\t\t<\/div>\n\t\t\t\t<\/div>\n\t\t\t\t<div class=\"elementor-element elementor-element-b2b4656 elementor-widget elementor-widget-spacer\" data-id=\"b2b4656\" data-element_type=\"widget\" data-e-type=\"widget\" data-widget_type=\"spacer.default\">\n\t\t\t\t<div class=\"elementor-widget-container\">\n\t\t\t\t\t\t\t<div class=\"elementor-spacer\">\n\t\t\t<div class=\"elementor-spacer-inner\"><\/div>\n\t\t<\/div>\n\t\t\t\t\t\t<\/div>\n\t\t\t\t<\/div>\n\t\t\t\t\t<\/div>\n\t\t\t\t<\/div>\n\t\t\t\t<section class=\"elementor-section elementor-top-section elementor-element elementor-element-1kkkz6m animated-slow elementor-section-boxed elementor-section-height-default elementor-section-height-default elementor-invisible\" data-id=\"1kkkz6m\" data-element_type=\"section\" data-e-type=\"section\" data-settings=\"{&quot;background_background&quot;:&quot;classic&quot;,&quot;animation&quot;:&quot;fadeIn&quot;}\">\n\t\t\t\t\t\t<div class=\"elementor-container elementor-column-gap-default\">\n\t\t\t\t\t<div class=\"elementor-column elementor-col-100 elementor-top-column elementor-element elementor-element-3bfd4be\" data-id=\"3bfd4be\" data-element_type=\"column\" data-e-type=\"column\">\n\t\t\t<div class=\"elementor-widget-wrap elementor-element-populated\">\n\t\t\t\t\t\t<div class=\"elementor-element elementor-element-3741179 gallery-spacing-custom elementor-widget elementor-widget-image-gallery\" data-id=\"3741179\" data-element_type=\"widget\" data-e-type=\"widget\" data-widget_type=\"image-gallery.default\">\n\t\t\t\t<div class=\"elementor-widget-container\">\n\t\t\t\t\t\t\t<div class=\"elementor-image-gallery\">\n\t\t\t<div id='gallery-1' class='gallery galleryid-2656 gallery-columns-1 gallery-size-large'><figure class='gallery-item'>\n\t\t\t<div class='gallery-icon landscape'>\n\t\t\t\t<img fetchpriority=\"high\" decoding=\"async\" width=\"1024\" height=\"1024\" src=\"https:\/\/robein-hou.com\/wp-content\/uploads\/2025\/06\/Colboc-Crous-Metz-01-desat-1024x1024.jpg\" class=\"attachment-large size-large\" alt=\"\" srcset=\"https:\/\/robein-hou.com\/wp-content\/uploads\/2025\/06\/Colboc-Crous-Metz-01-desat-1024x1024.jpg 1024w, https:\/\/robein-hou.com\/wp-content\/uploads\/2025\/06\/Colboc-Crous-Metz-01-desat-300x300.jpg 300w, https:\/\/robein-hou.com\/wp-content\/uploads\/2025\/06\/Colboc-Crous-Metz-01-desat-150x150.jpg 150w, https:\/\/robein-hou.com\/wp-content\/uploads\/2025\/06\/Colboc-Crous-Metz-01-desat-768x768.jpg 768w\" sizes=\"(max-width: 1024px) 100vw, 1024px\" \/>\n\t\t\t<\/div><\/figure><figure class='gallery-item'>\n\t\t\t<div class='gallery-icon landscape'>\n\t\t\t\t<img decoding=\"async\" width=\"1024\" height=\"723\" src=\"https:\/\/robein-hou.com\/wp-content\/uploads\/2025\/06\/salon-commun-1600x1129-1-1024x723.jpg\" class=\"attachment-large size-large\" alt=\"\" srcset=\"https:\/\/robein-hou.com\/wp-content\/uploads\/2025\/06\/salon-commun-1600x1129-1-1024x723.jpg 1024w, https:\/\/robein-hou.com\/wp-content\/uploads\/2025\/06\/salon-commun-1600x1129-1-300x212.jpg 300w, https:\/\/robein-hou.com\/wp-content\/uploads\/2025\/06\/salon-commun-1600x1129-1-768x542.jpg 768w, https:\/\/robein-hou.com\/wp-content\/uploads\/2025\/06\/salon-commun-1600x1129-1-1536x1084.jpg 1536w, https:\/\/robein-hou.com\/wp-content\/uploads\/2025\/06\/salon-commun-1600x1129-1.jpg 1600w\" sizes=\"(max-width: 1024px) 100vw, 1024px\" \/>\n\t\t\t<\/div><\/figure><figure class='gallery-item'>\n\t\t\t<div class='gallery-icon portrait'>\n\t\t\t\t<img decoding=\"async\" width=\"720\" height=\"1024\" src=\"https:\/\/robein-hou.com\/wp-content\/uploads\/2025\/06\/plan-masse-5-844x1200-copie-2-720x1024.jpg\" class=\"attachment-large size-large\" alt=\"\" srcset=\"https:\/\/robein-hou.com\/wp-content\/uploads\/2025\/06\/plan-masse-5-844x1200-copie-2-720x1024.jpg 720w, https:\/\/robein-hou.com\/wp-content\/uploads\/2025\/06\/plan-masse-5-844x1200-copie-2-211x300.jpg 211w, https:\/\/robein-hou.com\/wp-content\/uploads\/2025\/06\/plan-masse-5-844x1200-copie-2-768x1092.jpg 768w, https:\/\/robein-hou.com\/wp-content\/uploads\/2025\/06\/plan-masse-5-844x1200-copie-2.jpg 844w\" sizes=\"(max-width: 720px) 100vw, 720px\" \/>\n\t\t\t<\/div><\/figure><figure class='gallery-item'>\n\t\t\t<div class='gallery-icon portrait'>\n\t\t\t\t<img loading=\"lazy\" decoding=\"async\" width=\"992\" height=\"1024\" src=\"https:\/\/robein-hou.com\/wp-content\/uploads\/2025\/06\/rdc-marie-1162x1200-copie-992x1024.png\" class=\"attachment-large size-large\" alt=\"\" srcset=\"https:\/\/robein-hou.com\/wp-content\/uploads\/2025\/06\/rdc-marie-1162x1200-copie-992x1024.png 992w, https:\/\/robein-hou.com\/wp-content\/uploads\/2025\/06\/rdc-marie-1162x1200-copie-291x300.png 291w, https:\/\/robein-hou.com\/wp-content\/uploads\/2025\/06\/rdc-marie-1162x1200-copie-768x793.png 768w, https:\/\/robein-hou.com\/wp-content\/uploads\/2025\/06\/rdc-marie-1162x1200-copie.png 1162w\" sizes=\"(max-width: 992px) 100vw, 992px\" \/>\n\t\t\t<\/div><\/figure>\n\t\t<\/div>\n\t\t<\/div>\n\t\t\t\t\t\t<\/div>\n\t\t\t\t<\/div>\n\t\t\t\t\t<\/div>\n\t\t<\/div>\n\t\t\t\t\t<\/div>\n\t\t<\/section>\n\t\t<div class=\"elementor-element elementor-element-583618f e-flex e-con-boxed e-con e-parent\" data-id=\"583618f\" data-element_type=\"container\" data-e-type=\"container\">\n\t\t\t\t\t<div class=\"e-con-inner\">\n\t\t\t\t<div class=\"elementor-element elementor-element-5a6bc2a elementor-widget elementor-widget-spacer\" data-id=\"5a6bc2a\" data-element_type=\"widget\" data-e-type=\"widget\" data-widget_type=\"spacer.default\">\n\t\t\t\t<div class=\"elementor-widget-container\">\n\t\t\t\t\t\t\t<div class=\"elementor-spacer\">\n\t\t\t<div class=\"elementor-spacer-inner\"><\/div>\n\t\t<\/div>\n\t\t\t\t\t\t<\/div>\n\t\t\t\t<\/div>\n\t\t\t\t\t<\/div>\n\t\t\t\t<\/div>\n\t\t<div class=\"elementor-element elementor-element-2633128 e-flex e-con-boxed e-con e-parent\" data-id=\"2633128\" data-element_type=\"container\" data-e-type=\"container\">\n\t\t\t\t\t<div class=\"e-con-inner\">\n\t\t\t\t<div class=\"elementor-element elementor-element-384b9cc elementor-widget elementor-widget-image\" data-id=\"384b9cc\" data-element_type=\"widget\" data-e-type=\"widget\" data-widget_type=\"image.default\">\n\t\t\t\t<div class=\"elementor-widget-container\">\n\t\t\t\t\t\t\t\t\t\t\t\t\t\t\t<img loading=\"lazy\" decoding=\"async\" width=\"150\" height=\"150\" src=\"https:\/\/robein-hou.com\/wp-content\/uploads\/2024\/04\/Logo-30-150x150.jpg\" class=\"attachment-thumbnail size-thumbnail wp-image-2327\" alt=\"\" srcset=\"https:\/\/robein-hou.com\/wp-content\/uploads\/2024\/04\/Logo-30-150x150.jpg 150w, https:\/\/robein-hou.com\/wp-content\/uploads\/2024\/04\/Logo-30-300x300.jpg 300w, https:\/\/robein-hou.com\/wp-content\/uploads\/2024\/04\/Logo-30.jpg 356w\" sizes=\"(max-width: 150px) 100vw, 150px\" \/>\t\t\t\t\t\t\t\t\t\t\t\t\t\t\t<\/div>\n\t\t\t\t<\/div>\n\t\t\t\t\t<\/div>\n\t\t\t\t<\/div>\n\t\t\t\t<\/div>\n\t\t","protected":false},"excerpt":{"rendered":"<p>CROUS Metz Programme : 130 logements, R\u00e9sidence \u00e9tudiante CROUS Metz, \u00eele du Saulcy Maitre d&rsquo;ouvrage : CROUS Lorraine Maitrise d&rsquo;oeuvre :\u00a0 Architecte mandataire Emmanuelle Colboc et associ\u00e9s Architecte sous traitant Robein Hou architectes Surface : 3100 m\u00b2 Montant des travaux : 5,9 millions \u20ac HT BET : EGIS APD en cours<\/p>\n","protected":false},"author":1,"featured_media":0,"parent":0,"menu_order":0,"comment_status":"closed","ping_status":"closed","template":"","meta":{"site-sidebar-layout":"default","site-content-layout":"default","ast-global-header-display":"","ast-banner-title-visibility":"","ast-main-header-display":"","ast-hfb-above-header-display":"","ast-hfb-below-header-display":"","ast-hfb-mobile-header-display":"","site-post-title":"disabled","ast-breadcrumbs-content":"","ast-featured-img":"","footer-sml-layout":"","theme-transparent-header-meta":"","adv-header-id-meta":"","stick-header-meta":"","header-above-stick-meta":"","header-main-stick-meta":"","header-below-stick-meta":"","footnotes":""},"class_list":["post-2656","page","type-page","status-publish","hentry"],"jetpack_sharing_enabled":true,"_links":{"self":[{"href":"https:\/\/robein-hou.com\/index.php\/wp-json\/wp\/v2\/pages\/2656","targetHints":{"allow":["GET"]}}],"collection":[{"href":"https:\/\/robein-hou.com\/index.php\/wp-json\/wp\/v2\/pages"}],"about":[{"href":"https:\/\/robein-hou.com\/index.php\/wp-json\/wp\/v2\/types\/page"}],"author":[{"embeddable":true,"href":"https:\/\/robein-hou.com\/index.php\/wp-json\/wp\/v2\/users\/1"}],"replies":[{"embeddable":true,"href":"https:\/\/robein-hou.com\/index.php\/wp-json\/wp\/v2\/comments?post=2656"}],"version-history":[{"count":7,"href":"https:\/\/robein-hou.com\/index.php\/wp-json\/wp\/v2\/pages\/2656\/revisions"}],"predecessor-version":[{"id":2672,"href":"https:\/\/robein-hou.com\/index.php\/wp-json\/wp\/v2\/pages\/2656\/revisions\/2672"}],"wp:attachment":[{"href":"https:\/\/robein-hou.com\/index.php\/wp-json\/wp\/v2\/media?parent=2656"}],"curies":[{"name":"wp","href":"https:\/\/api.w.org\/{rel}","templated":true}]}}