{"id":2639,"date":"2025-06-23T19:08:29","date_gmt":"2025-06-23T17:08:29","guid":{"rendered":"https:\/\/robein-hou.com\/?page_id=2639"},"modified":"2025-06-23T19:35:56","modified_gmt":"2025-06-23T17:35:56","slug":"page-contades","status":"publish","type":"page","link":"https:\/\/robein-hou.com\/index.php\/page-contades\/","title":{"rendered":"Page Contades"},"content":{"rendered":"\t\t<div data-elementor-type=\"wp-page\" data-elementor-id=\"2639\" class=\"elementor elementor-2639\">\n\t\t\t\t<div class=\"elementor-element elementor-element-ed2db8e e-flex e-con-boxed e-con e-parent\" data-id=\"ed2db8e\" data-element_type=\"container\" data-e-type=\"container\">\n\t\t\t\t\t<div class=\"e-con-inner\">\n\t\t\t\t<div class=\"elementor-element elementor-element-c5bfd30 elementor-widget__width-initial elementor-widget-divider--view-line elementor-widget elementor-widget-divider\" data-id=\"c5bfd30\" data-element_type=\"widget\" data-e-type=\"widget\" data-widget_type=\"divider.default\">\n\t\t\t\t<div class=\"elementor-widget-container\">\n\t\t\t\t\t\t\t<div class=\"elementor-divider\">\n\t\t\t<span class=\"elementor-divider-separator\">\n\t\t\t\t\t\t<\/span>\n\t\t<\/div>\n\t\t\t\t\t\t<\/div>\n\t\t\t\t<\/div>\n\t\t\t\t\t<\/div>\n\t\t\t\t<\/div>\n\t\t<div class=\"elementor-element elementor-element-202a964 e-flex e-con-boxed e-con e-parent\" data-id=\"202a964\" data-element_type=\"container\" data-e-type=\"container\">\n\t\t\t\t\t<div class=\"e-con-inner\">\n\t\t<div class=\"elementor-element elementor-element-28481f1 e-flex e-con-boxed e-con e-child\" data-id=\"28481f1\" data-element_type=\"container\" data-e-type=\"container\">\n\t\t\t\t\t<div class=\"e-con-inner\">\n\t\t\t\t<div class=\"elementor-element elementor-element-0d66094 elementor-widget elementor-widget-spacer\" data-id=\"0d66094\" data-element_type=\"widget\" data-e-type=\"widget\" data-widget_type=\"spacer.default\">\n\t\t\t\t<div class=\"elementor-widget-container\">\n\t\t\t\t\t\t\t<div class=\"elementor-spacer\">\n\t\t\t<div class=\"elementor-spacer-inner\"><\/div>\n\t\t<\/div>\n\t\t\t\t\t\t<\/div>\n\t\t\t\t<\/div>\n\t\t\t\t\t<\/div>\n\t\t\t\t<\/div>\n\t\t\t\t\t<\/div>\n\t\t\t\t<\/div>\n\t\t<div class=\"elementor-element elementor-element-d793a26 e-con-full e-flex e-con e-parent\" data-id=\"d793a26\" data-element_type=\"container\" data-e-type=\"container\">\n\t\t<div class=\"elementor-element elementor-element-cdf01ff e-con-full e-flex e-con e-child\" data-id=\"cdf01ff\" data-element_type=\"container\" data-e-type=\"container\">\n\t\t\t\t<div class=\"elementor-element elementor-element-4c89ff3 elementor-widget elementor-widget-heading\" data-id=\"4c89ff3\" data-element_type=\"widget\" data-e-type=\"widget\" data-widget_type=\"heading.default\">\n\t\t\t\t<div class=\"elementor-widget-container\">\n\t\t\t\t\t<h2 class=\"elementor-heading-title elementor-size-default\">Contades<\/h2>\t\t\t\t<\/div>\n\t\t\t\t<\/div>\n\t\t\t\t<\/div>\n\t\t<div class=\"elementor-element elementor-element-2a10346 e-con-full e-flex e-con e-child\" data-id=\"2a10346\" data-element_type=\"container\" data-e-type=\"container\">\n\t\t\t\t<div class=\"elementor-element elementor-element-357fe96 elementor-widget elementor-widget-text-editor\" data-id=\"357fe96\" data-element_type=\"widget\" data-e-type=\"widget\" data-widget_type=\"text-editor.default\">\n\t\t\t\t<div class=\"elementor-widget-container\">\n\t\t\t\t\t\t\t\t\t<p><span style=\"font-style: inherit; letter-spacing: 1.1px;\">Programme : R\u00e9habilitation lourde d&rsquo;un appartement dans un immeuble ancien \u00e0 Strasbourg<\/span><\/p><p>Maitrise d&rsquo;ouvrage priv\u00e9e<\/p><p>Surface : 85 m\u00b2<\/p><p>Livr\u00e9 d\u00e9cembre 2024<\/p>\t\t\t\t\t\t\t\t<\/div>\n\t\t\t\t<\/div>\n\t\t\t\t<\/div>\n\t\t\t\t<\/div>\n\t\t<div class=\"elementor-element elementor-element-2e16009 e-flex e-con-boxed e-con e-parent\" data-id=\"2e16009\" data-element_type=\"container\" data-e-type=\"container\">\n\t\t\t\t\t<div class=\"e-con-inner\">\n\t\t<div class=\"elementor-element elementor-element-91e0abe e-flex e-con-boxed e-con e-child\" data-id=\"91e0abe\" data-element_type=\"container\" data-e-type=\"container\">\n\t\t\t\t\t<div class=\"e-con-inner\">\n\t\t\t\t<div class=\"elementor-element elementor-element-819c0c8 elementor-widget__width-initial elementor-widget-divider--view-line elementor-widget elementor-widget-divider\" data-id=\"819c0c8\" data-element_type=\"widget\" data-e-type=\"widget\" data-widget_type=\"divider.default\">\n\t\t\t\t<div class=\"elementor-widget-container\">\n\t\t\t\t\t\t\t<div class=\"elementor-divider\">\n\t\t\t<span class=\"elementor-divider-separator\">\n\t\t\t\t\t\t<\/span>\n\t\t<\/div>\n\t\t\t\t\t\t<\/div>\n\t\t\t\t<\/div>\n\t\t\t\t\t<\/div>\n\t\t\t\t<\/div>\n\t\t\t\t<div class=\"elementor-element elementor-element-c6be4e1 elementor-widget elementor-widget-spacer\" data-id=\"c6be4e1\" data-element_type=\"widget\" data-e-type=\"widget\" data-widget_type=\"spacer.default\">\n\t\t\t\t<div class=\"elementor-widget-container\">\n\t\t\t\t\t\t\t<div class=\"elementor-spacer\">\n\t\t\t<div class=\"elementor-spacer-inner\"><\/div>\n\t\t<\/div>\n\t\t\t\t\t\t<\/div>\n\t\t\t\t<\/div>\n\t\t\t\t<div class=\"elementor-element elementor-element-b2b4656 elementor-widget elementor-widget-spacer\" data-id=\"b2b4656\" data-element_type=\"widget\" data-e-type=\"widget\" data-widget_type=\"spacer.default\">\n\t\t\t\t<div class=\"elementor-widget-container\">\n\t\t\t\t\t\t\t<div class=\"elementor-spacer\">\n\t\t\t<div class=\"elementor-spacer-inner\"><\/div>\n\t\t<\/div>\n\t\t\t\t\t\t<\/div>\n\t\t\t\t<\/div>\n\t\t\t\t\t<\/div>\n\t\t\t\t<\/div>\n\t\t<div class=\"elementor-element elementor-element-65e6bb3 e-con-full e-flex e-con e-parent\" data-id=\"65e6bb3\" data-element_type=\"container\" data-e-type=\"container\">\n\t\t<div class=\"elementor-element elementor-element-bbbf216 e-con-full e-flex e-con e-child\" data-id=\"bbbf216\" data-element_type=\"container\" data-e-type=\"container\">\n\t\t\t\t<div class=\"elementor-element elementor-element-ba6e73a animated-slow elementor-invisible elementor-widget elementor-widget-text-editor\" data-id=\"ba6e73a\" data-element_type=\"widget\" data-e-type=\"widget\" data-settings=\"{&quot;_animation&quot;:&quot;fadeIn&quot;}\" data-widget_type=\"text-editor.default\">\n\t\t\t\t<div class=\"elementor-widget-container\">\n\t\t\t\t\t\t\t\t\t<p style=\"text-align: left;\"><span style=\"font-style: inherit;\">L\u2019appartement sous combles, au dernier \u00e9tage d\u2019un immeuble datant du 19e si\u00e8cle, \u00e9tait compos\u00e9 de quatre pi\u00e8ces cloisonn\u00e9es et distribu\u00e9es par un large couloir central.<\/span>\u00a0<\/p><p style=\"text-align: left;\">\u00a0<\/p><p style=\"text-align: left;\">L\u2019apport en lumi\u00e8re naturelle \u00e9tant assez modeste (seulement quatre lucarne de toit pour les 90m2 de surface), nous avons cr\u00e9\u00e9 un grand s\u00e9jour traversant afin de profiter de l\u2019orientation Est-Ouest tout au long de la journ\u00e9e.<span class=\"Apple-converted-space\">\u00a0<\/span><\/p><p style=\"text-align: left;\"><span class=\"Apple-converted-space\">\u00a0<\/span><\/p><p style=\"text-align: left;\">Les cloisons pleines qui formaient le couloir central, ont \u00e9t\u00e9 mises \u00e0 nu et \u00e9vid\u00e9es afin de r\u00e9v\u00e9ler les pans de bois, qui jouent d\u00e9sormais un r\u00f4le de filtre en d\u00e9finissant les diff\u00e9rents espaces de l\u2019appartement tout en laissant passer la lumi\u00e8re .<span class=\"Apple-converted-space\">\u00a0<\/span><\/p><p style=\"text-align: left;\"><span class=\"Apple-converted-space\">\u00a0<\/span><\/p><p style=\"text-align: left;\">L\u2019ancien couloir accueille aujourd\u2019hui la cuisine et la salle de bain, permettant de d\u00e9gager quatre grands volumes pour le salon, la salle \u00e0 manger, un bureau et une chambre.<span class=\"Apple-converted-space\">\u00a0<\/span><\/p><p style=\"text-align: left;\">Nous avons cherch\u00e9 \u00e0 mettre en valeur les principes structurels qui caract\u00e9risent cette ancienne b\u00e2tisse tout en adaptant les espaces aux modes de vie actuels.<span class=\"Apple-converted-space\">\u00a0<\/span><\/p><p style=\"text-align: left;\"><span class=\"Apple-converted-space\">\u00a0<\/span><\/p><p style=\"text-align: left;\">Le syst\u00e8me de parois coulissantes qui permet de fermer les pi\u00e8ces du bureau et de la chambre, laisse la possibilit\u00e9 d\u2019ouvrir l\u2019espace afin de profiter d\u2019un espace plus grand et lumineux. Ainsi le plan offre une modularit\u00e9 des espaces et sous-espaces pouvant accueillir diff\u00e9rentes fonctions aux besoins des usagers.<span class=\"Apple-converted-space\">\u00a0<\/span><\/p>\t\t\t\t\t\t\t\t<\/div>\n\t\t\t\t<\/div>\n\t\t\t\t<\/div>\n\t\t\t\t<\/div>\n\t\t\t\t<section class=\"elementor-section elementor-top-section elementor-element elementor-element-1kkkz6m animated-slow elementor-section-boxed elementor-section-height-default elementor-section-height-default elementor-invisible\" data-id=\"1kkkz6m\" data-element_type=\"section\" data-e-type=\"section\" data-settings=\"{&quot;background_background&quot;:&quot;classic&quot;,&quot;animation&quot;:&quot;fadeIn&quot;}\">\n\t\t\t\t\t\t<div class=\"elementor-container elementor-column-gap-default\">\n\t\t\t\t\t<div class=\"elementor-column elementor-col-100 elementor-top-column elementor-element elementor-element-3bfd4be\" data-id=\"3bfd4be\" data-element_type=\"column\" data-e-type=\"column\">\n\t\t\t<div class=\"elementor-widget-wrap elementor-element-populated\">\n\t\t\t\t\t\t<div class=\"elementor-element elementor-element-3741179 gallery-spacing-custom elementor-widget elementor-widget-image-gallery\" data-id=\"3741179\" data-element_type=\"widget\" data-e-type=\"widget\" data-widget_type=\"image-gallery.default\">\n\t\t\t\t<div class=\"elementor-widget-container\">\n\t\t\t\t\t\t\t<div class=\"elementor-image-gallery\">\n\t\t\t<div id='gallery-1' class='gallery galleryid-2639 gallery-columns-1 gallery-size-large'><figure class='gallery-item'>\n\t\t\t<div class='gallery-icon landscape'>\n\t\t\t\t<img fetchpriority=\"high\" decoding=\"async\" width=\"1024\" height=\"768\" src=\"https:\/\/robein-hou.com\/wp-content\/uploads\/2025\/06\/Contades_Sejour_1-1024x768.jpg\" class=\"attachment-large size-large\" alt=\"\" srcset=\"https:\/\/robein-hou.com\/wp-content\/uploads\/2025\/06\/Contades_Sejour_1-1024x768.jpg 1024w, https:\/\/robein-hou.com\/wp-content\/uploads\/2025\/06\/Contades_Sejour_1-300x225.jpg 300w, https:\/\/robein-hou.com\/wp-content\/uploads\/2025\/06\/Contades_Sejour_1-768x576.jpg 768w, https:\/\/robein-hou.com\/wp-content\/uploads\/2025\/06\/Contades_Sejour_1-1536x1152.jpg 1536w, https:\/\/robein-hou.com\/wp-content\/uploads\/2025\/06\/Contades_Sejour_1-2048x1536.jpg 2048w\" sizes=\"(max-width: 1024px) 100vw, 1024px\" \/>\n\t\t\t<\/div><\/figure><figure class='gallery-item'>\n\t\t\t<div class='gallery-icon portrait'>\n\t\t\t\t<img decoding=\"async\" width=\"768\" height=\"1024\" src=\"https:\/\/robein-hou.com\/wp-content\/uploads\/2025\/06\/Contades_Sejour_v2-768x1024.png\" class=\"attachment-large size-large\" alt=\"\" srcset=\"https:\/\/robein-hou.com\/wp-content\/uploads\/2025\/06\/Contades_Sejour_v2-768x1024.png 768w, https:\/\/robein-hou.com\/wp-content\/uploads\/2025\/06\/Contades_Sejour_v2-225x300.png 225w, https:\/\/robein-hou.com\/wp-content\/uploads\/2025\/06\/Contades_Sejour_v2-1152x1536.png 1152w, https:\/\/robein-hou.com\/wp-content\/uploads\/2025\/06\/Contades_Sejour_v2-1536x2048.png 1536w, https:\/\/robein-hou.com\/wp-content\/uploads\/2025\/06\/Contades_Sejour_v2-scaled.png 1920w\" sizes=\"(max-width: 768px) 100vw, 768px\" \/>\n\t\t\t<\/div><\/figure><figure class='gallery-item'>\n\t\t\t<div class='gallery-icon portrait'>\n\t\t\t\t<img decoding=\"async\" width=\"1006\" height=\"1024\" src=\"https:\/\/robein-hou.com\/wp-content\/uploads\/2025\/06\/2024-08-23_plan-general-1-1006x1024.jpg\" class=\"attachment-large size-large\" alt=\"\" srcset=\"https:\/\/robein-hou.com\/wp-content\/uploads\/2025\/06\/2024-08-23_plan-general-1-1006x1024.jpg 1006w, https:\/\/robein-hou.com\/wp-content\/uploads\/2025\/06\/2024-08-23_plan-general-1-295x300.jpg 295w, https:\/\/robein-hou.com\/wp-content\/uploads\/2025\/06\/2024-08-23_plan-general-1-768x781.jpg 768w, https:\/\/robein-hou.com\/wp-content\/uploads\/2025\/06\/2024-08-23_plan-general-1-1510x1536.jpg 1510w, https:\/\/robein-hou.com\/wp-content\/uploads\/2025\/06\/2024-08-23_plan-general-1-2013x2048.jpg 2013w\" sizes=\"(max-width: 1006px) 100vw, 1006px\" \/>\n\t\t\t<\/div><\/figure><figure class='gallery-item'>\n\t\t\t<div class='gallery-icon landscape'>\n\t\t\t\t<img loading=\"lazy\" decoding=\"async\" width=\"1024\" height=\"768\" src=\"https:\/\/robein-hou.com\/wp-content\/uploads\/2025\/06\/IMG_6557-1024x768.jpg\" class=\"attachment-large size-large\" alt=\"\" aria-describedby=\"gallery-1-2644\" srcset=\"https:\/\/robein-hou.com\/wp-content\/uploads\/2025\/06\/IMG_6557-1024x768.jpg 1024w, https:\/\/robein-hou.com\/wp-content\/uploads\/2025\/06\/IMG_6557-300x225.jpg 300w, https:\/\/robein-hou.com\/wp-content\/uploads\/2025\/06\/IMG_6557-768x576.jpg 768w, https:\/\/robein-hou.com\/wp-content\/uploads\/2025\/06\/IMG_6557-1536x1152.jpg 1536w, https:\/\/robein-hou.com\/wp-content\/uploads\/2025\/06\/IMG_6557-2048x1536.jpg 2048w\" sizes=\"(max-width: 1024px) 100vw, 1024px\" \/>\n\t\t\t<\/div>\n\t\t\t\t<figcaption class='wp-caption-text gallery-caption' id='gallery-1-2644'>\n\t\t\t\tEtat avant travaux\n\t\t\t\t<\/figcaption><\/figure><figure class='gallery-item'>\n\t\t\t<div class='gallery-icon landscape'>\n\t\t\t\t<img loading=\"lazy\" decoding=\"async\" width=\"1024\" height=\"768\" src=\"https:\/\/robein-hou.com\/wp-content\/uploads\/2025\/06\/IMG_8477-1024x768.jpg\" class=\"attachment-large size-large\" alt=\"\" aria-describedby=\"gallery-1-2645\" srcset=\"https:\/\/robein-hou.com\/wp-content\/uploads\/2025\/06\/IMG_8477-1024x768.jpg 1024w, https:\/\/robein-hou.com\/wp-content\/uploads\/2025\/06\/IMG_8477-300x225.jpg 300w, https:\/\/robein-hou.com\/wp-content\/uploads\/2025\/06\/IMG_8477-768x576.jpg 768w, https:\/\/robein-hou.com\/wp-content\/uploads\/2025\/06\/IMG_8477-1536x1152.jpg 1536w, https:\/\/robein-hou.com\/wp-content\/uploads\/2025\/06\/IMG_8477-2048x1536.jpg 2048w\" sizes=\"(max-width: 1024px) 100vw, 1024px\" \/>\n\t\t\t<\/div>\n\t\t\t\t<figcaption class='wp-caption-text gallery-caption' id='gallery-1-2645'>\n\t\t\t\tEtat pendant travaux\n\t\t\t\t<\/figcaption><\/figure>\n\t\t<\/div>\n\t\t<\/div>\n\t\t\t\t\t\t<\/div>\n\t\t\t\t<\/div>\n\t\t\t\t\t<\/div>\n\t\t<\/div>\n\t\t\t\t\t<\/div>\n\t\t<\/section>\n\t\t<div class=\"elementor-element elementor-element-583618f e-flex e-con-boxed e-con e-parent\" data-id=\"583618f\" data-element_type=\"container\" data-e-type=\"container\">\n\t\t\t\t\t<div class=\"e-con-inner\">\n\t\t\t\t<div class=\"elementor-element elementor-element-5a6bc2a elementor-widget elementor-widget-spacer\" data-id=\"5a6bc2a\" data-element_type=\"widget\" data-e-type=\"widget\" data-widget_type=\"spacer.default\">\n\t\t\t\t<div class=\"elementor-widget-container\">\n\t\t\t\t\t\t\t<div class=\"elementor-spacer\">\n\t\t\t<div class=\"elementor-spacer-inner\"><\/div>\n\t\t<\/div>\n\t\t\t\t\t\t<\/div>\n\t\t\t\t<\/div>\n\t\t\t\t\t<\/div>\n\t\t\t\t<\/div>\n\t\t<div class=\"elementor-element elementor-element-2633128 e-flex e-con-boxed e-con e-parent\" data-id=\"2633128\" data-element_type=\"container\" data-e-type=\"container\">\n\t\t\t\t\t<div class=\"e-con-inner\">\n\t\t\t\t<div class=\"elementor-element elementor-element-384b9cc elementor-widget elementor-widget-image\" data-id=\"384b9cc\" data-element_type=\"widget\" data-e-type=\"widget\" data-widget_type=\"image.default\">\n\t\t\t\t<div class=\"elementor-widget-container\">\n\t\t\t\t\t\t\t\t\t\t\t\t\t\t\t<img loading=\"lazy\" decoding=\"async\" width=\"150\" height=\"150\" src=\"https:\/\/robein-hou.com\/wp-content\/uploads\/2024\/04\/Logo-30-150x150.jpg\" class=\"attachment-thumbnail size-thumbnail wp-image-2327\" alt=\"\" srcset=\"https:\/\/robein-hou.com\/wp-content\/uploads\/2024\/04\/Logo-30-150x150.jpg 150w, https:\/\/robein-hou.com\/wp-content\/uploads\/2024\/04\/Logo-30-300x300.jpg 300w, https:\/\/robein-hou.com\/wp-content\/uploads\/2024\/04\/Logo-30.jpg 356w\" sizes=\"(max-width: 150px) 100vw, 150px\" \/>\t\t\t\t\t\t\t\t\t\t\t\t\t\t\t<\/div>\n\t\t\t\t<\/div>\n\t\t\t\t\t<\/div>\n\t\t\t\t<\/div>\n\t\t\t\t<\/div>\n\t\t","protected":false},"excerpt":{"rendered":"<p>Contades Programme : R\u00e9habilitation lourde d&rsquo;un appartement dans un immeuble ancien \u00e0 Strasbourg Maitrise d&rsquo;ouvrage priv\u00e9e Surface : 85 m\u00b2 Livr\u00e9 d\u00e9cembre 2024 L\u2019appartement sous combles, au dernier \u00e9tage d\u2019un immeuble datant du 19e si\u00e8cle, \u00e9tait compos\u00e9 de quatre pi\u00e8ces cloisonn\u00e9es et distribu\u00e9es par un large couloir central.\u00a0 \u00a0 L\u2019apport en lumi\u00e8re naturelle \u00e9tant assez &hellip;<\/p>\n<p class=\"read-more\"> <a class=\"\" href=\"https:\/\/robein-hou.com\/index.php\/page-contades\/\"> <span class=\"screen-reader-text\">Page Contades<\/span> Lire la suite\u00a0\u00bb<\/a><\/p>\n","protected":false},"author":1,"featured_media":0,"parent":0,"menu_order":0,"comment_status":"closed","ping_status":"closed","template":"","meta":{"site-sidebar-layout":"default","site-content-layout":"default","ast-global-header-display":"","ast-banner-title-visibility":"","ast-main-header-display":"","ast-hfb-above-header-display":"","ast-hfb-below-header-display":"","ast-hfb-mobile-header-display":"","site-post-title":"disabled","ast-breadcrumbs-content":"","ast-featured-img":"","footer-sml-layout":"","theme-transparent-header-meta":"","adv-header-id-meta":"","stick-header-meta":"","header-above-stick-meta":"","header-main-stick-meta":"","header-below-stick-meta":"","footnotes":""},"class_list":["post-2639","page","type-page","status-publish","hentry"],"jetpack_sharing_enabled":true,"_links":{"self":[{"href":"https:\/\/robein-hou.com\/index.php\/wp-json\/wp\/v2\/pages\/2639","targetHints":{"allow":["GET"]}}],"collection":[{"href":"https:\/\/robein-hou.com\/index.php\/wp-json\/wp\/v2\/pages"}],"about":[{"href":"https:\/\/robein-hou.com\/index.php\/wp-json\/wp\/v2\/types\/page"}],"author":[{"embeddable":true,"href":"https:\/\/robein-hou.com\/index.php\/wp-json\/wp\/v2\/users\/1"}],"replies":[{"embeddable":true,"href":"https:\/\/robein-hou.com\/index.php\/wp-json\/wp\/v2\/comments?post=2639"}],"version-history":[{"count":7,"href":"https:\/\/robein-hou.com\/index.php\/wp-json\/wp\/v2\/pages\/2639\/revisions"}],"predecessor-version":[{"id":2675,"href":"https:\/\/robein-hou.com\/index.php\/wp-json\/wp\/v2\/pages\/2639\/revisions\/2675"}],"wp:attachment":[{"href":"https:\/\/robein-hou.com\/index.php\/wp-json\/wp\/v2\/media?parent=2639"}],"curies":[{"name":"wp","href":"https:\/\/api.w.org\/{rel}","templated":true}]}}