{"id":2462,"date":"2024-05-02T16:05:52","date_gmt":"2024-05-02T14:05:52","guid":{"rendered":"https:\/\/robein-hou.com\/?page_id=2462"},"modified":"2026-02-03T17:14:30","modified_gmt":"2026-02-03T16:14:30","slug":"page-pesmes","status":"publish","type":"page","link":"https:\/\/robein-hou.com\/index.php\/page-pesmes\/","title":{"rendered":"Page Pesmes"},"content":{"rendered":"\t\t<div data-elementor-type=\"wp-page\" data-elementor-id=\"2462\" class=\"elementor elementor-2462\">\n\t\t\t\t<div class=\"elementor-element elementor-element-ed2db8e e-flex e-con-boxed e-con e-parent\" data-id=\"ed2db8e\" data-element_type=\"container\" data-e-type=\"container\">\n\t\t\t\t\t<div class=\"e-con-inner\">\n\t\t\t\t<div class=\"elementor-element elementor-element-c5bfd30 elementor-widget__width-initial elementor-widget-divider--view-line elementor-widget elementor-widget-divider\" data-id=\"c5bfd30\" data-element_type=\"widget\" data-e-type=\"widget\" data-widget_type=\"divider.default\">\n\t\t\t\t<div class=\"elementor-widget-container\">\n\t\t\t\t\t\t\t<div class=\"elementor-divider\">\n\t\t\t<span class=\"elementor-divider-separator\">\n\t\t\t\t\t\t<\/span>\n\t\t<\/div>\n\t\t\t\t\t\t<\/div>\n\t\t\t\t<\/div>\n\t\t\t\t\t<\/div>\n\t\t\t\t<\/div>\n\t\t<div class=\"elementor-element elementor-element-202a964 e-flex e-con-boxed e-con e-parent\" data-id=\"202a964\" data-element_type=\"container\" data-e-type=\"container\">\n\t\t\t\t\t<div class=\"e-con-inner\">\n\t\t<div class=\"elementor-element elementor-element-28481f1 e-flex e-con-boxed e-con e-child\" data-id=\"28481f1\" data-element_type=\"container\" data-e-type=\"container\">\n\t\t\t\t\t<div class=\"e-con-inner\">\n\t\t\t\t<div class=\"elementor-element elementor-element-0d66094 elementor-widget elementor-widget-spacer\" data-id=\"0d66094\" data-element_type=\"widget\" data-e-type=\"widget\" data-widget_type=\"spacer.default\">\n\t\t\t\t<div class=\"elementor-widget-container\">\n\t\t\t\t\t\t\t<div class=\"elementor-spacer\">\n\t\t\t<div class=\"elementor-spacer-inner\"><\/div>\n\t\t<\/div>\n\t\t\t\t\t\t<\/div>\n\t\t\t\t<\/div>\n\t\t\t\t\t<\/div>\n\t\t\t\t<\/div>\n\t\t\t\t\t<\/div>\n\t\t\t\t<\/div>\n\t\t<div class=\"elementor-element elementor-element-d793a26 e-con-full e-flex e-con e-parent\" data-id=\"d793a26\" data-element_type=\"container\" data-e-type=\"container\">\n\t\t<div class=\"elementor-element elementor-element-cdf01ff e-con-full e-flex e-con e-child\" data-id=\"cdf01ff\" data-element_type=\"container\" data-e-type=\"container\">\n\t\t\t\t<div class=\"elementor-element elementor-element-4c89ff3 elementor-widget elementor-widget-heading\" data-id=\"4c89ff3\" data-element_type=\"widget\" data-e-type=\"widget\" data-widget_type=\"heading.default\">\n\t\t\t\t<div class=\"elementor-widget-container\">\n\t\t\t\t\t<h2 class=\"elementor-heading-title elementor-size-default\">Pesmes<\/h2>\t\t\t\t<\/div>\n\t\t\t\t<\/div>\n\t\t\t\t<\/div>\n\t\t<div class=\"elementor-element elementor-element-2a10346 e-con-full e-flex e-con e-child\" data-id=\"2a10346\" data-element_type=\"container\" data-e-type=\"container\">\n\t\t\t\t<div class=\"elementor-element elementor-element-357fe96 elementor-widget elementor-widget-text-editor\" data-id=\"357fe96\" data-element_type=\"widget\" data-e-type=\"widget\" data-widget_type=\"text-editor.default\">\n\t\t\t\t<div class=\"elementor-widget-container\">\n\t\t\t\t\t\t\t\t\t<p><span style=\"font-style: inherit; font-weight: inherit; letter-spacing: 1.1px; color: var(--ast-global-color-3);\">2023<\/span><\/p>\n<p>Programme : 4 logements dans une dent creuse \u00e0 Pesmes<\/p>\t\t\t\t\t\t\t\t<\/div>\n\t\t\t\t<\/div>\n\t\t\t\t<\/div>\n\t\t\t\t<\/div>\n\t\t<div class=\"elementor-element elementor-element-2e16009 e-flex e-con-boxed e-con e-parent\" data-id=\"2e16009\" data-element_type=\"container\" data-e-type=\"container\">\n\t\t\t\t\t<div class=\"e-con-inner\">\n\t\t<div class=\"elementor-element elementor-element-91e0abe e-flex e-con-boxed e-con e-child\" data-id=\"91e0abe\" data-element_type=\"container\" data-e-type=\"container\">\n\t\t\t\t\t<div class=\"e-con-inner\">\n\t\t\t\t<div class=\"elementor-element elementor-element-819c0c8 elementor-widget__width-initial elementor-widget-divider--view-line elementor-widget elementor-widget-divider\" data-id=\"819c0c8\" data-element_type=\"widget\" data-e-type=\"widget\" data-widget_type=\"divider.default\">\n\t\t\t\t<div class=\"elementor-widget-container\">\n\t\t\t\t\t\t\t<div class=\"elementor-divider\">\n\t\t\t<span class=\"elementor-divider-separator\">\n\t\t\t\t\t\t<\/span>\n\t\t<\/div>\n\t\t\t\t\t\t<\/div>\n\t\t\t\t<\/div>\n\t\t\t\t\t<\/div>\n\t\t\t\t<\/div>\n\t\t\t\t<div class=\"elementor-element elementor-element-c6be4e1 elementor-widget elementor-widget-spacer\" data-id=\"c6be4e1\" data-element_type=\"widget\" data-e-type=\"widget\" data-widget_type=\"spacer.default\">\n\t\t\t\t<div class=\"elementor-widget-container\">\n\t\t\t\t\t\t\t<div class=\"elementor-spacer\">\n\t\t\t<div class=\"elementor-spacer-inner\"><\/div>\n\t\t<\/div>\n\t\t\t\t\t\t<\/div>\n\t\t\t\t<\/div>\n\t\t\t\t\t<\/div>\n\t\t\t\t<\/div>\n\t\t<div class=\"elementor-element elementor-element-65e6bb3 e-con-full e-flex e-con e-parent\" data-id=\"65e6bb3\" data-element_type=\"container\" data-e-type=\"container\">\n\t\t<div class=\"elementor-element elementor-element-bbbf216 e-con-full e-flex e-con e-child\" data-id=\"bbbf216\" data-element_type=\"container\" data-e-type=\"container\">\n\t\t\t\t<div class=\"elementor-element elementor-element-6bcce1b elementor-widget elementor-widget-spacer\" data-id=\"6bcce1b\" data-element_type=\"widget\" data-e-type=\"widget\" data-widget_type=\"spacer.default\">\n\t\t\t\t<div class=\"elementor-widget-container\">\n\t\t\t\t\t\t\t<div class=\"elementor-spacer\">\n\t\t\t<div class=\"elementor-spacer-inner\"><\/div>\n\t\t<\/div>\n\t\t\t\t\t\t<\/div>\n\t\t\t\t<\/div>\n\t\t\t\t<div class=\"elementor-element elementor-element-ba6e73a animated-slow elementor-invisible elementor-widget elementor-widget-text-editor\" data-id=\"ba6e73a\" data-element_type=\"widget\" data-e-type=\"widget\" data-settings=\"{&quot;_animation&quot;:&quot;fadeIn&quot;}\" data-widget_type=\"text-editor.default\">\n\t\t\t\t<div class=\"elementor-widget-container\">\n\t\t\t\t\t\t\t\t\t<p><span style=\"text-align: start;\">Dans le cadre du s\u00e9minaire de Pesmes organis\u00e9 par Avenir Radieux sous l\u2019impulsion de Bernard Quirot, nous avons travaill\u00e9 autour du th\u00e8me central de l\u2019\u00e9volution urbaine de villages historiques. La parcelle choisie a la particularti\u00e9 d\u2019\u00eatre compl\u00e8tement vide et de cr\u00e9er une respiration unique dans le village tr\u00e8s constitu\u00e9 de Pesmes. Pour autant, ce creux trop grand d\u00e9s\u00e9quilibre la totalit\u00e9 de l\u2019\u00eelot. Nous avons voulu conserver la qualit\u00e9 apport\u00e9e par la respiration tout en recadrant l\u2019espace. Pour cela nous avons divis\u00e9 l\u2019espace en deux jardins, travers\u00e9s par un b\u00e2timent tr\u00e8s bas qui vient tenir de part et d\u2019autre une respiration \u00e0 l\u2019\u00e9chelle du village de Pesmes<\/span><\/p>\t\t\t\t\t\t\t\t<\/div>\n\t\t\t\t<\/div>\n\t\t\t\t<\/div>\n\t\t\t\t<\/div>\n\t\t\t\t<section class=\"elementor-section elementor-top-section elementor-element elementor-element-afe3273 animated-slow elementor-section-boxed elementor-section-height-default elementor-section-height-default elementor-invisible\" data-id=\"afe3273\" data-element_type=\"section\" data-e-type=\"section\" data-settings=\"{&quot;background_background&quot;:&quot;classic&quot;,&quot;animation&quot;:&quot;fadeIn&quot;}\">\n\t\t\t\t\t\t<div class=\"elementor-container elementor-column-gap-default\">\n\t\t\t\t\t<div class=\"elementor-column elementor-col-100 elementor-top-column elementor-element elementor-element-afe85a4\" data-id=\"afe85a4\" data-element_type=\"column\" data-e-type=\"column\">\n\t\t\t<div class=\"elementor-widget-wrap elementor-element-populated\">\n\t\t\t\t\t\t<div class=\"elementor-element elementor-element-a11ae54 gallery-spacing-custom elementor-widget elementor-widget-image-gallery\" data-id=\"a11ae54\" data-element_type=\"widget\" data-e-type=\"widget\" data-widget_type=\"image-gallery.default\">\n\t\t\t\t<div class=\"elementor-widget-container\">\n\t\t\t\t\t\t\t<div class=\"elementor-image-gallery\">\n\t\t\t<div id='gallery-1' class='gallery galleryid-2462 gallery-columns-1 gallery-size-large'><figure class='gallery-item'>\n\t\t\t<div class='gallery-icon landscape'>\n\t\t\t\t<img fetchpriority=\"high\" decoding=\"async\" width=\"1024\" height=\"503\" src=\"https:\/\/robein-hou.com\/wp-content\/uploads\/2024\/07\/CROQUIS-1-1024x503.jpg\" class=\"attachment-large size-large\" alt=\"\" srcset=\"https:\/\/robein-hou.com\/wp-content\/uploads\/2024\/07\/CROQUIS-1-1024x503.jpg 1024w, https:\/\/robein-hou.com\/wp-content\/uploads\/2024\/07\/CROQUIS-1-300x147.jpg 300w, https:\/\/robein-hou.com\/wp-content\/uploads\/2024\/07\/CROQUIS-1-768x377.jpg 768w, https:\/\/robein-hou.com\/wp-content\/uploads\/2024\/07\/CROQUIS-1-1536x755.jpg 1536w, https:\/\/robein-hou.com\/wp-content\/uploads\/2024\/07\/CROQUIS-1-2048x1006.jpg 2048w\" sizes=\"(max-width: 1024px) 100vw, 1024px\" \/>\n\t\t\t<\/div><\/figure><figure class='gallery-item'>\n\t\t\t<div class='gallery-icon landscape'>\n\t\t\t\t<img decoding=\"async\" width=\"1024\" height=\"259\" src=\"https:\/\/robein-hou.com\/wp-content\/uploads\/2024\/07\/COUPE-TRANSVERSALE-1024x259.jpg\" class=\"attachment-large size-large\" alt=\"\" srcset=\"https:\/\/robein-hou.com\/wp-content\/uploads\/2024\/07\/COUPE-TRANSVERSALE-1024x259.jpg 1024w, https:\/\/robein-hou.com\/wp-content\/uploads\/2024\/07\/COUPE-TRANSVERSALE-300x76.jpg 300w, https:\/\/robein-hou.com\/wp-content\/uploads\/2024\/07\/COUPE-TRANSVERSALE-768x194.jpg 768w, https:\/\/robein-hou.com\/wp-content\/uploads\/2024\/07\/COUPE-TRANSVERSALE-1536x389.jpg 1536w, https:\/\/robein-hou.com\/wp-content\/uploads\/2024\/07\/COUPE-TRANSVERSALE-2048x518.jpg 2048w\" sizes=\"(max-width: 1024px) 100vw, 1024px\" \/>\n\t\t\t<\/div><\/figure><figure class='gallery-item'>\n\t\t\t<div class='gallery-icon landscape'>\n\t\t\t\t<img decoding=\"async\" width=\"1024\" height=\"768\" src=\"https:\/\/robein-hou.com\/wp-content\/uploads\/2024\/04\/IMG_0900b-1024x768.jpg\" class=\"attachment-large size-large\" alt=\"\" srcset=\"https:\/\/robein-hou.com\/wp-content\/uploads\/2024\/04\/IMG_0900b-1024x768.jpg 1024w, https:\/\/robein-hou.com\/wp-content\/uploads\/2024\/04\/IMG_0900b-300x225.jpg 300w, https:\/\/robein-hou.com\/wp-content\/uploads\/2024\/04\/IMG_0900b-768x576.jpg 768w, https:\/\/robein-hou.com\/wp-content\/uploads\/2024\/04\/IMG_0900b-1536x1152.jpg 1536w, https:\/\/robein-hou.com\/wp-content\/uploads\/2024\/04\/IMG_0900b-2048x1536.jpg 2048w\" sizes=\"(max-width: 1024px) 100vw, 1024px\" \/>\n\t\t\t<\/div><\/figure><figure class='gallery-item'>\n\t\t\t<div class='gallery-icon portrait'>\n\t\t\t\t<img loading=\"lazy\" decoding=\"async\" width=\"885\" height=\"1024\" src=\"https:\/\/robein-hou.com\/wp-content\/uploads\/2024\/04\/IMG_0909b-885x1024.jpg\" class=\"attachment-large size-large\" alt=\"\" srcset=\"https:\/\/robein-hou.com\/wp-content\/uploads\/2024\/04\/IMG_0909b-885x1024.jpg 885w, https:\/\/robein-hou.com\/wp-content\/uploads\/2024\/04\/IMG_0909b-259x300.jpg 259w, https:\/\/robein-hou.com\/wp-content\/uploads\/2024\/04\/IMG_0909b-768x888.jpg 768w, https:\/\/robein-hou.com\/wp-content\/uploads\/2024\/04\/IMG_0909b-1328x1536.jpg 1328w, https:\/\/robein-hou.com\/wp-content\/uploads\/2024\/04\/IMG_0909b-1770x2048.jpg 1770w\" sizes=\"(max-width: 885px) 100vw, 885px\" \/>\n\t\t\t<\/div><\/figure><figure class='gallery-item'>\n\t\t\t<div class='gallery-icon portrait'>\n\t\t\t\t<img loading=\"lazy\" decoding=\"async\" width=\"761\" height=\"1024\" src=\"https:\/\/robein-hou.com\/wp-content\/uploads\/2024\/04\/IMG_0920b-761x1024.jpg\" class=\"attachment-large size-large\" alt=\"\" srcset=\"https:\/\/robein-hou.com\/wp-content\/uploads\/2024\/04\/IMG_0920b-761x1024.jpg 761w, https:\/\/robein-hou.com\/wp-content\/uploads\/2024\/04\/IMG_0920b-223x300.jpg 223w, https:\/\/robein-hou.com\/wp-content\/uploads\/2024\/04\/IMG_0920b-768x1033.jpg 768w, https:\/\/robein-hou.com\/wp-content\/uploads\/2024\/04\/IMG_0920b-1142x1536.jpg 1142w, https:\/\/robein-hou.com\/wp-content\/uploads\/2024\/04\/IMG_0920b-1522x2048.jpg 1522w, https:\/\/robein-hou.com\/wp-content\/uploads\/2024\/04\/IMG_0920b-scaled.jpg 1903w\" sizes=\"(max-width: 761px) 100vw, 761px\" \/>\n\t\t\t<\/div><\/figure><figure class='gallery-item'>\n\t\t\t<div class='gallery-icon portrait'>\n\t\t\t\t<img loading=\"lazy\" decoding=\"async\" width=\"768\" height=\"1024\" src=\"https:\/\/robein-hou.com\/wp-content\/uploads\/2024\/04\/IMG_0880b-768x1024.jpg\" class=\"attachment-large size-large\" alt=\"\" srcset=\"https:\/\/robein-hou.com\/wp-content\/uploads\/2024\/04\/IMG_0880b-768x1024.jpg 768w, https:\/\/robein-hou.com\/wp-content\/uploads\/2024\/04\/IMG_0880b-225x300.jpg 225w, https:\/\/robein-hou.com\/wp-content\/uploads\/2024\/04\/IMG_0880b-1152x1536.jpg 1152w, https:\/\/robein-hou.com\/wp-content\/uploads\/2024\/04\/IMG_0880b-1536x2048.jpg 1536w, https:\/\/robein-hou.com\/wp-content\/uploads\/2024\/04\/IMG_0880b-scaled.jpg 1920w\" sizes=\"(max-width: 768px) 100vw, 768px\" \/>\n\t\t\t<\/div><\/figure><figure class='gallery-item'>\n\t\t\t<div class='gallery-icon landscape'>\n\t\t\t\t<img loading=\"lazy\" decoding=\"async\" width=\"1024\" height=\"340\" src=\"https:\/\/robein-hou.com\/wp-content\/uploads\/2024\/07\/FACADE-01-1024x340.jpg\" class=\"attachment-large size-large\" alt=\"\" srcset=\"https:\/\/robein-hou.com\/wp-content\/uploads\/2024\/07\/FACADE-01-1024x340.jpg 1024w, https:\/\/robein-hou.com\/wp-content\/uploads\/2024\/07\/FACADE-01-300x100.jpg 300w, https:\/\/robein-hou.com\/wp-content\/uploads\/2024\/07\/FACADE-01-768x255.jpg 768w, https:\/\/robein-hou.com\/wp-content\/uploads\/2024\/07\/FACADE-01-1536x510.jpg 1536w, https:\/\/robein-hou.com\/wp-content\/uploads\/2024\/07\/FACADE-01-2048x680.jpg 2048w\" sizes=\"(max-width: 1024px) 100vw, 1024px\" \/>\n\t\t\t<\/div><\/figure><figure class='gallery-item'>\n\t\t\t<div class='gallery-icon '>\n\t\t\t\t<img loading=\"lazy\" decoding=\"async\" width=\"1\" height=\"1\" src=\"https:\/\/robein-hou.com\/wp-content\/uploads\/2024\/07\/CALQUE-4-1.jpg\" class=\"attachment-large size-large\" alt=\"\" \/>\n\t\t\t<\/div><\/figure><figure class='gallery-item'>\n\t\t\t<div class='gallery-icon landscape'>\n\t\t\t\t<img loading=\"lazy\" decoding=\"async\" width=\"1024\" height=\"407\" src=\"https:\/\/robein-hou.com\/wp-content\/uploads\/2024\/07\/COUPE-LONGITUDINALE-1024x407.jpg\" class=\"attachment-large size-large\" alt=\"\" srcset=\"https:\/\/robein-hou.com\/wp-content\/uploads\/2024\/07\/COUPE-LONGITUDINALE-1024x407.jpg 1024w, https:\/\/robein-hou.com\/wp-content\/uploads\/2024\/07\/COUPE-LONGITUDINALE-300x119.jpg 300w, https:\/\/robein-hou.com\/wp-content\/uploads\/2024\/07\/COUPE-LONGITUDINALE-768x305.jpg 768w, https:\/\/robein-hou.com\/wp-content\/uploads\/2024\/07\/COUPE-LONGITUDINALE-1536x610.jpg 1536w, https:\/\/robein-hou.com\/wp-content\/uploads\/2024\/07\/COUPE-LONGITUDINALE-2048x813.jpg 2048w\" sizes=\"(max-width: 1024px) 100vw, 1024px\" \/>\n\t\t\t<\/div><\/figure>\n\t\t<\/div>\n\t\t<\/div>\n\t\t\t\t\t\t<\/div>\n\t\t\t\t<\/div>\n\t\t\t\t\t<\/div>\n\t\t<\/div>\n\t\t\t\t\t<\/div>\n\t\t<\/section>\n\t\t<div class=\"elementor-element elementor-element-583618f e-flex e-con-boxed e-con e-parent\" data-id=\"583618f\" data-element_type=\"container\" data-e-type=\"container\">\n\t\t\t\t\t<div class=\"e-con-inner\">\n\t\t\t\t<div class=\"elementor-element elementor-element-5a6bc2a elementor-widget elementor-widget-spacer\" data-id=\"5a6bc2a\" data-element_type=\"widget\" data-e-type=\"widget\" data-widget_type=\"spacer.default\">\n\t\t\t\t<div class=\"elementor-widget-container\">\n\t\t\t\t\t\t\t<div class=\"elementor-spacer\">\n\t\t\t<div class=\"elementor-spacer-inner\"><\/div>\n\t\t<\/div>\n\t\t\t\t\t\t<\/div>\n\t\t\t\t<\/div>\n\t\t\t\t\t<\/div>\n\t\t\t\t<\/div>\n\t\t<div class=\"elementor-element elementor-element-2633128 e-flex e-con-boxed e-con e-parent\" data-id=\"2633128\" data-element_type=\"container\" data-e-type=\"container\">\n\t\t\t\t\t<div class=\"e-con-inner\">\n\t\t\t\t<div class=\"elementor-element elementor-element-384b9cc elementor-widget elementor-widget-image\" data-id=\"384b9cc\" data-element_type=\"widget\" data-e-type=\"widget\" data-widget_type=\"image.default\">\n\t\t\t\t<div class=\"elementor-widget-container\">\n\t\t\t\t\t\t\t\t\t\t\t\t\t\t\t<img loading=\"lazy\" decoding=\"async\" width=\"150\" height=\"150\" src=\"https:\/\/robein-hou.com\/wp-content\/uploads\/2024\/04\/Logo-30-150x150.jpg\" class=\"attachment-thumbnail size-thumbnail wp-image-2327\" alt=\"\" srcset=\"https:\/\/robein-hou.com\/wp-content\/uploads\/2024\/04\/Logo-30-150x150.jpg 150w, https:\/\/robein-hou.com\/wp-content\/uploads\/2024\/04\/Logo-30-300x300.jpg 300w, https:\/\/robein-hou.com\/wp-content\/uploads\/2024\/04\/Logo-30.jpg 356w\" sizes=\"(max-width: 150px) 100vw, 150px\" \/>\t\t\t\t\t\t\t\t\t\t\t\t\t\t\t<\/div>\n\t\t\t\t<\/div>\n\t\t\t\t\t<\/div>\n\t\t\t\t<\/div>\n\t\t\t\t<\/div>\n\t\t","protected":false},"excerpt":{"rendered":"<p>Pesmes 2023 Programme : 4 logements dans une dent creuse \u00e0 Pesmes Dans le cadre du s\u00e9minaire de Pesmes organis\u00e9 par Avenir Radieux sous l\u2019impulsion de Bernard Quirot, nous avons travaill\u00e9 autour du th\u00e8me central de l\u2019\u00e9volution urbaine de villages historiques. La parcelle choisie a la particularti\u00e9 d\u2019\u00eatre compl\u00e8tement vide et de cr\u00e9er une respiration &hellip;<\/p>\n<p class=\"read-more\"> <a class=\"\" href=\"https:\/\/robein-hou.com\/index.php\/page-pesmes\/\"> <span class=\"screen-reader-text\">Page Pesmes<\/span> Lire la suite\u00a0\u00bb<\/a><\/p>\n","protected":false},"author":1,"featured_media":0,"parent":0,"menu_order":0,"comment_status":"closed","ping_status":"closed","template":"","meta":{"site-sidebar-layout":"default","site-content-layout":"default","ast-global-header-display":"","ast-banner-title-visibility":"","ast-main-header-display":"","ast-hfb-above-header-display":"","ast-hfb-below-header-display":"","ast-hfb-mobile-header-display":"","site-post-title":"disabled","ast-breadcrumbs-content":"","ast-featured-img":"","footer-sml-layout":"","theme-transparent-header-meta":"","adv-header-id-meta":"","stick-header-meta":"","header-above-stick-meta":"","header-main-stick-meta":"","header-below-stick-meta":"","footnotes":""},"class_list":["post-2462","page","type-page","status-publish","hentry"],"jetpack_sharing_enabled":true,"_links":{"self":[{"href":"https:\/\/robein-hou.com\/index.php\/wp-json\/wp\/v2\/pages\/2462","targetHints":{"allow":["GET"]}}],"collection":[{"href":"https:\/\/robein-hou.com\/index.php\/wp-json\/wp\/v2\/pages"}],"about":[{"href":"https:\/\/robein-hou.com\/index.php\/wp-json\/wp\/v2\/types\/page"}],"author":[{"embeddable":true,"href":"https:\/\/robein-hou.com\/index.php\/wp-json\/wp\/v2\/users\/1"}],"replies":[{"embeddable":true,"href":"https:\/\/robein-hou.com\/index.php\/wp-json\/wp\/v2\/comments?post=2462"}],"version-history":[{"count":14,"href":"https:\/\/robein-hou.com\/index.php\/wp-json\/wp\/v2\/pages\/2462\/revisions"}],"predecessor-version":[{"id":2799,"href":"https:\/\/robein-hou.com\/index.php\/wp-json\/wp\/v2\/pages\/2462\/revisions\/2799"}],"wp:attachment":[{"href":"https:\/\/robein-hou.com\/index.php\/wp-json\/wp\/v2\/media?parent=2462"}],"curies":[{"name":"wp","href":"https:\/\/api.w.org\/{rel}","templated":true}]}}