{"id":2044,"date":"2023-08-15T15:03:11","date_gmt":"2023-08-15T13:03:11","guid":{"rendered":"http:\/\/robein-hou.com\/?page_id=2044"},"modified":"2025-07-18T17:59:23","modified_gmt":"2025-07-18T15:59:23","slug":"page-arpajon-2","status":"publish","type":"page","link":"https:\/\/robein-hou.com\/index.php\/page-arpajon-2\/","title":{"rendered":"Page Arpajon"},"content":{"rendered":"\t\t<div data-elementor-type=\"wp-page\" data-elementor-id=\"2044\" class=\"elementor elementor-2044\">\n\t\t\t\t<div class=\"elementor-element elementor-element-ed2db8e e-flex e-con-boxed e-con e-parent\" data-id=\"ed2db8e\" data-element_type=\"container\" data-e-type=\"container\">\n\t\t\t\t\t<div class=\"e-con-inner\">\n\t\t\t\t<div class=\"elementor-element elementor-element-c5bfd30 elementor-widget__width-initial elementor-widget-divider--view-line elementor-widget elementor-widget-divider\" data-id=\"c5bfd30\" data-element_type=\"widget\" data-e-type=\"widget\" data-widget_type=\"divider.default\">\n\t\t\t\t<div class=\"elementor-widget-container\">\n\t\t\t\t\t\t\t<div class=\"elementor-divider\">\n\t\t\t<span class=\"elementor-divider-separator\">\n\t\t\t\t\t\t<\/span>\n\t\t<\/div>\n\t\t\t\t\t\t<\/div>\n\t\t\t\t<\/div>\n\t\t\t\t\t<\/div>\n\t\t\t\t<\/div>\n\t\t<div class=\"elementor-element elementor-element-202a964 e-flex e-con-boxed e-con e-parent\" data-id=\"202a964\" data-element_type=\"container\" data-e-type=\"container\">\n\t\t\t\t\t<div class=\"e-con-inner\">\n\t\t<div class=\"elementor-element elementor-element-28481f1 e-flex e-con-boxed e-con e-child\" data-id=\"28481f1\" data-element_type=\"container\" data-e-type=\"container\">\n\t\t\t\t\t<div class=\"e-con-inner\">\n\t\t\t\t<div class=\"elementor-element elementor-element-0d66094 elementor-widget elementor-widget-spacer\" data-id=\"0d66094\" data-element_type=\"widget\" data-e-type=\"widget\" data-widget_type=\"spacer.default\">\n\t\t\t\t<div class=\"elementor-widget-container\">\n\t\t\t\t\t\t\t<div class=\"elementor-spacer\">\n\t\t\t<div class=\"elementor-spacer-inner\"><\/div>\n\t\t<\/div>\n\t\t\t\t\t\t<\/div>\n\t\t\t\t<\/div>\n\t\t\t\t\t<\/div>\n\t\t\t\t<\/div>\n\t\t\t\t\t<\/div>\n\t\t\t\t<\/div>\n\t\t<div class=\"elementor-element elementor-element-d793a26 e-con-full e-flex e-con e-parent\" data-id=\"d793a26\" data-element_type=\"container\" data-e-type=\"container\">\n\t\t<div class=\"elementor-element elementor-element-cdf01ff e-con-full e-flex e-con e-child\" data-id=\"cdf01ff\" data-element_type=\"container\" data-e-type=\"container\">\n\t\t\t\t<div class=\"elementor-element elementor-element-4c89ff3 elementor-widget elementor-widget-heading\" data-id=\"4c89ff3\" data-element_type=\"widget\" data-e-type=\"widget\" data-widget_type=\"heading.default\">\n\t\t\t\t<div class=\"elementor-widget-container\">\n\t\t\t\t\t<h2 class=\"elementor-heading-title elementor-size-default\">Arpajon<\/h2>\t\t\t\t<\/div>\n\t\t\t\t<\/div>\n\t\t\t\t<\/div>\n\t\t<div class=\"elementor-element elementor-element-2a10346 e-con-full e-flex e-con e-child\" data-id=\"2a10346\" data-element_type=\"container\" data-e-type=\"container\">\n\t\t\t\t<div class=\"elementor-element elementor-element-357fe96 elementor-widget elementor-widget-text-editor\" data-id=\"357fe96\" data-element_type=\"widget\" data-e-type=\"widget\" data-widget_type=\"text-editor.default\">\n\t\t\t\t<div class=\"elementor-widget-container\">\n\t\t\t\t\t\t\t\t\t<p><span style=\"font-style: inherit; font-weight: inherit; text-align: var(--text-align); color: var(--ast-global-color-3);\">Architecte mandataire : Lazo et Mure architectes, Paris<\/span><\/p><p>Architecte en collaboration : Robein Hou architectes<\/p><p>Val\u00e9rian Hou chef de projet, direction des travaux<\/p><p>2021 &#8211; 2024<\/p><p>Programme : Extension et restructuration de l&rsquo;ehpad d&rsquo;Arpajon<\/p><p>Maitre d&rsquo;ouvrage : Centre hospitalier sud Francilien<\/p><p>Surface : 3200 m\u00b2<\/p><p>Montant des travaux : 7 millions \u20ac<\/p><p>BET : Igrec Ing\u00e9nierie\u00a0<\/p>\t\t\t\t\t\t\t\t<\/div>\n\t\t\t\t<\/div>\n\t\t\t\t<\/div>\n\t\t\t\t<\/div>\n\t\t<div class=\"elementor-element elementor-element-2e16009 e-flex e-con-boxed e-con e-parent\" data-id=\"2e16009\" data-element_type=\"container\" data-e-type=\"container\">\n\t\t\t\t\t<div class=\"e-con-inner\">\n\t\t<div class=\"elementor-element elementor-element-91e0abe e-flex e-con-boxed e-con e-child\" data-id=\"91e0abe\" data-element_type=\"container\" data-e-type=\"container\">\n\t\t\t\t\t<div class=\"e-con-inner\">\n\t\t\t\t<div class=\"elementor-element elementor-element-819c0c8 elementor-widget__width-initial elementor-widget-divider--view-line elementor-widget elementor-widget-divider\" data-id=\"819c0c8\" data-element_type=\"widget\" data-e-type=\"widget\" data-widget_type=\"divider.default\">\n\t\t\t\t<div class=\"elementor-widget-container\">\n\t\t\t\t\t\t\t<div class=\"elementor-divider\">\n\t\t\t<span class=\"elementor-divider-separator\">\n\t\t\t\t\t\t<\/span>\n\t\t<\/div>\n\t\t\t\t\t\t<\/div>\n\t\t\t\t<\/div>\n\t\t\t\t\t<\/div>\n\t\t\t\t<\/div>\n\t\t\t\t<div class=\"elementor-element elementor-element-c6be4e1 elementor-widget elementor-widget-spacer\" data-id=\"c6be4e1\" data-element_type=\"widget\" data-e-type=\"widget\" data-widget_type=\"spacer.default\">\n\t\t\t\t<div class=\"elementor-widget-container\">\n\t\t\t\t\t\t\t<div class=\"elementor-spacer\">\n\t\t\t<div class=\"elementor-spacer-inner\"><\/div>\n\t\t<\/div>\n\t\t\t\t\t\t<\/div>\n\t\t\t\t<\/div>\n\t\t\t\t<div class=\"elementor-element elementor-element-5667ccc animated-slow elementor-widget__width-initial elementor-widget-mobile__width-inherit elementor-invisible elementor-widget elementor-widget-image\" data-id=\"5667ccc\" data-element_type=\"widget\" data-e-type=\"widget\" data-settings=\"{&quot;_animation&quot;:&quot;fadeIn&quot;,&quot;_animation_delay&quot;:0}\" data-widget_type=\"image.default\">\n\t\t\t\t<div class=\"elementor-widget-container\">\n\t\t\t\t\t\t\t\t\t\t\t\t\t\t\t<img fetchpriority=\"high\" decoding=\"async\" width=\"1024\" height=\"311\" src=\"https:\/\/robein-hou.com\/wp-content\/uploads\/2024\/07\/bandeau-1024x311.jpg\" class=\"attachment-large size-large wp-image-2564\" alt=\"\" srcset=\"https:\/\/robein-hou.com\/wp-content\/uploads\/2024\/07\/bandeau-1024x311.jpg 1024w, https:\/\/robein-hou.com\/wp-content\/uploads\/2024\/07\/bandeau-300x91.jpg 300w, https:\/\/robein-hou.com\/wp-content\/uploads\/2024\/07\/bandeau-768x233.jpg 768w, https:\/\/robein-hou.com\/wp-content\/uploads\/2024\/07\/bandeau-1536x466.jpg 1536w, https:\/\/robein-hou.com\/wp-content\/uploads\/2024\/07\/bandeau-2048x621.jpg 2048w\" sizes=\"(max-width: 1024px) 100vw, 1024px\" \/>\t\t\t\t\t\t\t\t\t\t\t\t\t\t\t<\/div>\n\t\t\t\t<\/div>\n\t\t\t\t<div class=\"elementor-element elementor-element-b2b4656 elementor-widget elementor-widget-spacer\" data-id=\"b2b4656\" data-element_type=\"widget\" data-e-type=\"widget\" data-widget_type=\"spacer.default\">\n\t\t\t\t<div class=\"elementor-widget-container\">\n\t\t\t\t\t\t\t<div class=\"elementor-spacer\">\n\t\t\t<div class=\"elementor-spacer-inner\"><\/div>\n\t\t<\/div>\n\t\t\t\t\t\t<\/div>\n\t\t\t\t<\/div>\n\t\t\t\t\t<\/div>\n\t\t\t\t<\/div>\n\t\t<div class=\"elementor-element elementor-element-65e6bb3 e-con-full e-flex e-con e-parent\" data-id=\"65e6bb3\" data-element_type=\"container\" data-e-type=\"container\">\n\t\t<div class=\"elementor-element elementor-element-bbbf216 e-con-full e-flex e-con e-child\" data-id=\"bbbf216\" data-element_type=\"container\" data-e-type=\"container\">\n\t\t\t\t<div class=\"elementor-element elementor-element-ba6e73a animated-slow elementor-invisible elementor-widget elementor-widget-text-editor\" data-id=\"ba6e73a\" data-element_type=\"widget\" data-e-type=\"widget\" data-settings=\"{&quot;_animation&quot;:&quot;fadeIn&quot;}\" data-widget_type=\"text-editor.default\">\n\t\t\t\t<div class=\"elementor-widget-container\">\n\t\t\t\t\t\t\t\t\t<p>Le projet d&rsquo;Arpajon est l&rsquo;extension et la r\u00e9habilitation partielle d&rsquo;un Ehpad public en r\u00e9gion parisienne. Le nouveau b\u00e2timent abrite 44 nouvelles chambres, des espaces communs, salles d&rsquo;activit\u00e9s, salles \u00e0 manger organis\u00e9s autour de deux patios arbor\u00e9s et avec une vue donnant sur un large jardin. \u00a0<\/p>\t\t\t\t\t\t\t\t<\/div>\n\t\t\t\t<\/div>\n\t\t\t\t<\/div>\n\t\t\t\t<\/div>\n\t\t\t\t<section class=\"elementor-section elementor-top-section elementor-element elementor-element-1kkkz6m animated-slow elementor-section-boxed elementor-section-height-default elementor-section-height-default elementor-invisible\" data-id=\"1kkkz6m\" data-element_type=\"section\" data-e-type=\"section\" data-settings=\"{&quot;background_background&quot;:&quot;classic&quot;,&quot;animation&quot;:&quot;fadeIn&quot;}\">\n\t\t\t\t\t\t<div class=\"elementor-container elementor-column-gap-default\">\n\t\t\t\t\t<div class=\"elementor-column elementor-col-100 elementor-top-column elementor-element elementor-element-3bfd4be\" data-id=\"3bfd4be\" data-element_type=\"column\" data-e-type=\"column\">\n\t\t\t<div class=\"elementor-widget-wrap elementor-element-populated\">\n\t\t\t\t\t\t<div class=\"elementor-element elementor-element-3741179 gallery-spacing-custom elementor-widget elementor-widget-image-gallery\" data-id=\"3741179\" data-element_type=\"widget\" data-e-type=\"widget\" data-widget_type=\"image-gallery.default\">\n\t\t\t\t<div class=\"elementor-widget-container\">\n\t\t\t\t\t\t\t<div class=\"elementor-image-gallery\">\n\t\t\t<div id='gallery-1' class='gallery galleryid-2044 gallery-columns-1 gallery-size-large'><figure class='gallery-item'>\n\t\t\t<div class='gallery-icon portrait'>\n\t\t\t\t<img decoding=\"async\" width=\"649\" height=\"1024\" src=\"https:\/\/robein-hou.com\/wp-content\/uploads\/2024\/01\/DSC_0866nb-1-649x1024.jpg\" class=\"attachment-large size-large\" alt=\"\" srcset=\"https:\/\/robein-hou.com\/wp-content\/uploads\/2024\/01\/DSC_0866nb-1-649x1024.jpg 649w, https:\/\/robein-hou.com\/wp-content\/uploads\/2024\/01\/DSC_0866nb-1-190x300.jpg 190w, https:\/\/robein-hou.com\/wp-content\/uploads\/2024\/01\/DSC_0866nb-1-768x1212.jpg 768w, https:\/\/robein-hou.com\/wp-content\/uploads\/2024\/01\/DSC_0866nb-1-974x1536.jpg 974w, https:\/\/robein-hou.com\/wp-content\/uploads\/2024\/01\/DSC_0866nb-1-1298x2048.jpg 1298w, https:\/\/robein-hou.com\/wp-content\/uploads\/2024\/01\/DSC_0866nb-1-scaled.jpg 1623w\" sizes=\"(max-width: 649px) 100vw, 649px\" \/>\n\t\t\t<\/div><\/figure><figure class='gallery-item'>\n\t\t\t<div class='gallery-icon portrait'>\n\t\t\t\t<img decoding=\"async\" width=\"730\" height=\"1024\" src=\"https:\/\/robein-hou.com\/wp-content\/uploads\/2024\/01\/DSC_0886nb-730x1024.jpg\" class=\"attachment-large size-large\" alt=\"\" srcset=\"https:\/\/robein-hou.com\/wp-content\/uploads\/2024\/01\/DSC_0886nb-730x1024.jpg 730w, https:\/\/robein-hou.com\/wp-content\/uploads\/2024\/01\/DSC_0886nb-214x300.jpg 214w, https:\/\/robein-hou.com\/wp-content\/uploads\/2024\/01\/DSC_0886nb-768x1077.jpg 768w, https:\/\/robein-hou.com\/wp-content\/uploads\/2024\/01\/DSC_0886nb-1095x1536.jpg 1095w, https:\/\/robein-hou.com\/wp-content\/uploads\/2024\/01\/DSC_0886nb-1460x2048.jpg 1460w, https:\/\/robein-hou.com\/wp-content\/uploads\/2024\/01\/DSC_0886nb-scaled.jpg 1826w\" sizes=\"(max-width: 730px) 100vw, 730px\" \/>\n\t\t\t<\/div><\/figure><figure class='gallery-item'>\n\t\t\t<div class='gallery-icon landscape'>\n\t\t\t\t<img loading=\"lazy\" decoding=\"async\" width=\"1024\" height=\"766\" src=\"https:\/\/robein-hou.com\/wp-content\/uploads\/2024\/01\/IMG_1562nb-1024x766.jpg\" class=\"attachment-large size-large\" alt=\"\" srcset=\"https:\/\/robein-hou.com\/wp-content\/uploads\/2024\/01\/IMG_1562nb-1024x766.jpg 1024w, https:\/\/robein-hou.com\/wp-content\/uploads\/2024\/01\/IMG_1562nb-300x225.jpg 300w, https:\/\/robein-hou.com\/wp-content\/uploads\/2024\/01\/IMG_1562nb-768x575.jpg 768w, https:\/\/robein-hou.com\/wp-content\/uploads\/2024\/01\/IMG_1562nb-1536x1150.jpg 1536w, https:\/\/robein-hou.com\/wp-content\/uploads\/2024\/01\/IMG_1562nb-2048x1533.jpg 2048w\" sizes=\"(max-width: 1024px) 100vw, 1024px\" \/>\n\t\t\t<\/div><\/figure><figure class='gallery-item'>\n\t\t\t<div class='gallery-icon landscape'>\n\t\t\t\t<img loading=\"lazy\" decoding=\"async\" width=\"1024\" height=\"683\" src=\"https:\/\/robein-hou.com\/wp-content\/uploads\/2025\/06\/Arpajon_1-1-1024x683.jpg\" class=\"attachment-large size-large\" alt=\"\" srcset=\"https:\/\/robein-hou.com\/wp-content\/uploads\/2025\/06\/Arpajon_1-1-1024x683.jpg 1024w, https:\/\/robein-hou.com\/wp-content\/uploads\/2025\/06\/Arpajon_1-1-300x200.jpg 300w, https:\/\/robein-hou.com\/wp-content\/uploads\/2025\/06\/Arpajon_1-1-768x512.jpg 768w, https:\/\/robein-hou.com\/wp-content\/uploads\/2025\/06\/Arpajon_1-1.jpg 1436w\" sizes=\"(max-width: 1024px) 100vw, 1024px\" \/>\n\t\t\t<\/div><\/figure><figure class='gallery-item'>\n\t\t\t<div class='gallery-icon portrait'>\n\t\t\t\t<img loading=\"lazy\" decoding=\"async\" width=\"707\" height=\"1024\" src=\"https:\/\/robein-hou.com\/wp-content\/uploads\/2025\/06\/Arpajon_7-707x1024.jpg\" class=\"attachment-large size-large\" alt=\"\" srcset=\"https:\/\/robein-hou.com\/wp-content\/uploads\/2025\/06\/Arpajon_7-707x1024.jpg 707w, https:\/\/robein-hou.com\/wp-content\/uploads\/2025\/06\/Arpajon_7-207x300.jpg 207w, https:\/\/robein-hou.com\/wp-content\/uploads\/2025\/06\/Arpajon_7-768x1112.jpg 768w, https:\/\/robein-hou.com\/wp-content\/uploads\/2025\/06\/Arpajon_7.jpg 960w\" sizes=\"(max-width: 707px) 100vw, 707px\" \/>\n\t\t\t<\/div><\/figure><figure class='gallery-item'>\n\t\t\t<div class='gallery-icon portrait'>\n\t\t\t\t<img loading=\"lazy\" decoding=\"async\" width=\"704\" height=\"1024\" src=\"https:\/\/robein-hou.com\/wp-content\/uploads\/2025\/06\/Arpajon_5-e1749031839984-704x1024.jpg\" class=\"attachment-large size-large\" alt=\"\" srcset=\"https:\/\/robein-hou.com\/wp-content\/uploads\/2025\/06\/Arpajon_5-e1749031839984-704x1024.jpg 704w, https:\/\/robein-hou.com\/wp-content\/uploads\/2025\/06\/Arpajon_5-e1749031839984-206x300.jpg 206w, https:\/\/robein-hou.com\/wp-content\/uploads\/2025\/06\/Arpajon_5-e1749031839984-768x1117.jpg 768w, https:\/\/robein-hou.com\/wp-content\/uploads\/2025\/06\/Arpajon_5-e1749031839984.jpg 950w\" sizes=\"(max-width: 704px) 100vw, 704px\" \/>\n\t\t\t<\/div><\/figure><figure class='gallery-item'>\n\t\t\t<div class='gallery-icon portrait'>\n\t\t\t\t<img loading=\"lazy\" decoding=\"async\" width=\"712\" height=\"1024\" src=\"https:\/\/robein-hou.com\/wp-content\/uploads\/2025\/06\/Arpajon_4-e1749031861378-712x1024.jpg\" class=\"attachment-large size-large\" alt=\"\" srcset=\"https:\/\/robein-hou.com\/wp-content\/uploads\/2025\/06\/Arpajon_4-e1749031861378-712x1024.jpg 712w, https:\/\/robein-hou.com\/wp-content\/uploads\/2025\/06\/Arpajon_4-e1749031861378-209x300.jpg 209w, https:\/\/robein-hou.com\/wp-content\/uploads\/2025\/06\/Arpajon_4-e1749031861378-768x1104.jpg 768w, https:\/\/robein-hou.com\/wp-content\/uploads\/2025\/06\/Arpajon_4-e1749031861378.jpg 956w\" sizes=\"(max-width: 712px) 100vw, 712px\" \/>\n\t\t\t<\/div><\/figure><figure class='gallery-item'>\n\t\t\t<div class='gallery-icon portrait'>\n\t\t\t\t<img loading=\"lazy\" decoding=\"async\" width=\"704\" height=\"1024\" src=\"https:\/\/robein-hou.com\/wp-content\/uploads\/2025\/06\/Arpajon_10-e1749031903437-704x1024.jpg\" class=\"attachment-large size-large\" alt=\"\" srcset=\"https:\/\/robein-hou.com\/wp-content\/uploads\/2025\/06\/Arpajon_10-e1749031903437-704x1024.jpg 704w, https:\/\/robein-hou.com\/wp-content\/uploads\/2025\/06\/Arpajon_10-e1749031903437-206x300.jpg 206w, https:\/\/robein-hou.com\/wp-content\/uploads\/2025\/06\/Arpajon_10-e1749031903437-768x1117.jpg 768w, https:\/\/robein-hou.com\/wp-content\/uploads\/2025\/06\/Arpajon_10-e1749031903437.jpg 956w\" sizes=\"(max-width: 704px) 100vw, 704px\" \/>\n\t\t\t<\/div><\/figure><figure class='gallery-item'>\n\t\t\t<div class='gallery-icon portrait'>\n\t\t\t\t<img loading=\"lazy\" decoding=\"async\" width=\"683\" height=\"1024\" src=\"https:\/\/robein-hou.com\/wp-content\/uploads\/2023\/08\/DSC_0855-683x1024.jpg\" class=\"attachment-large size-large\" alt=\"\" srcset=\"https:\/\/robein-hou.com\/wp-content\/uploads\/2023\/08\/DSC_0855-683x1024.jpg 683w, https:\/\/robein-hou.com\/wp-content\/uploads\/2023\/08\/DSC_0855-200x300.jpg 200w, https:\/\/robein-hou.com\/wp-content\/uploads\/2023\/08\/DSC_0855-768x1152.jpg 768w, https:\/\/robein-hou.com\/wp-content\/uploads\/2023\/08\/DSC_0855-1024x1536.jpg 1024w, https:\/\/robein-hou.com\/wp-content\/uploads\/2023\/08\/DSC_0855-1365x2048.jpg 1365w, https:\/\/robein-hou.com\/wp-content\/uploads\/2023\/08\/DSC_0855-scaled.jpg 1707w\" sizes=\"(max-width: 683px) 100vw, 683px\" \/>\n\t\t\t<\/div><\/figure><figure class='gallery-item'>\n\t\t\t<div class='gallery-icon portrait'>\n\t\t\t\t<img loading=\"lazy\" decoding=\"async\" width=\"707\" height=\"1024\" src=\"https:\/\/robein-hou.com\/wp-content\/uploads\/2025\/06\/Arpajon_3-707x1024.jpg\" class=\"attachment-large size-large\" alt=\"\" srcset=\"https:\/\/robein-hou.com\/wp-content\/uploads\/2025\/06\/Arpajon_3-707x1024.jpg 707w, https:\/\/robein-hou.com\/wp-content\/uploads\/2025\/06\/Arpajon_3-207x300.jpg 207w, https:\/\/robein-hou.com\/wp-content\/uploads\/2025\/06\/Arpajon_3-768x1113.jpg 768w, https:\/\/robein-hou.com\/wp-content\/uploads\/2025\/06\/Arpajon_3.jpg 956w\" sizes=\"(max-width: 707px) 100vw, 707px\" \/>\n\t\t\t<\/div><\/figure><figure class='gallery-item'>\n\t\t\t<div class='gallery-icon landscape'>\n\t\t\t\t<img loading=\"lazy\" decoding=\"async\" width=\"1024\" height=\"683\" src=\"https:\/\/robein-hou.com\/wp-content\/uploads\/2023\/08\/DSC_0840-1024x683.jpg\" class=\"attachment-large size-large\" alt=\"\" srcset=\"https:\/\/robein-hou.com\/wp-content\/uploads\/2023\/08\/DSC_0840-1024x683.jpg 1024w, https:\/\/robein-hou.com\/wp-content\/uploads\/2023\/08\/DSC_0840-300x200.jpg 300w, https:\/\/robein-hou.com\/wp-content\/uploads\/2023\/08\/DSC_0840-768x512.jpg 768w, https:\/\/robein-hou.com\/wp-content\/uploads\/2023\/08\/DSC_0840-1536x1024.jpg 1536w, https:\/\/robein-hou.com\/wp-content\/uploads\/2023\/08\/DSC_0840-2048x1365.jpg 2048w\" sizes=\"(max-width: 1024px) 100vw, 1024px\" \/>\n\t\t\t<\/div><\/figure><figure class='gallery-item'>\n\t\t\t<div class='gallery-icon portrait'>\n\t\t\t\t<img loading=\"lazy\" decoding=\"async\" width=\"984\" height=\"1024\" src=\"https:\/\/robein-hou.com\/wp-content\/uploads\/2024\/01\/Snapseed-1-984x1024.jpg\" class=\"attachment-large size-large\" alt=\"\" srcset=\"https:\/\/robein-hou.com\/wp-content\/uploads\/2024\/01\/Snapseed-1-984x1024.jpg 984w, https:\/\/robein-hou.com\/wp-content\/uploads\/2024\/01\/Snapseed-1-288x300.jpg 288w, https:\/\/robein-hou.com\/wp-content\/uploads\/2024\/01\/Snapseed-1-768x799.jpg 768w, https:\/\/robein-hou.com\/wp-content\/uploads\/2024\/01\/Snapseed-1-1476x1536.jpg 1476w, https:\/\/robein-hou.com\/wp-content\/uploads\/2024\/01\/Snapseed-1-1969x2048.jpg 1969w\" sizes=\"(max-width: 984px) 100vw, 984px\" \/>\n\t\t\t<\/div><\/figure><figure class='gallery-item'>\n\t\t\t<div class='gallery-icon portrait'>\n\t\t\t\t<img loading=\"lazy\" decoding=\"async\" width=\"576\" height=\"1024\" src=\"https:\/\/robein-hou.com\/wp-content\/uploads\/2024\/01\/IMG_7488-576x1024.jpg\" class=\"attachment-large size-large\" alt=\"\" srcset=\"https:\/\/robein-hou.com\/wp-content\/uploads\/2024\/01\/IMG_7488-576x1024.jpg 576w, https:\/\/robein-hou.com\/wp-content\/uploads\/2024\/01\/IMG_7488-169x300.jpg 169w, https:\/\/robein-hou.com\/wp-content\/uploads\/2024\/01\/IMG_7488-768x1365.jpg 768w, https:\/\/robein-hou.com\/wp-content\/uploads\/2024\/01\/IMG_7488-864x1536.jpg 864w, https:\/\/robein-hou.com\/wp-content\/uploads\/2024\/01\/IMG_7488-1153x2048.jpg 1153w, https:\/\/robein-hou.com\/wp-content\/uploads\/2024\/01\/IMG_7488.jpg 1385w\" sizes=\"(max-width: 576px) 100vw, 576px\" \/>\n\t\t\t<\/div><\/figure><figure class='gallery-item'>\n\t\t\t<div class='gallery-icon landscape'>\n\t\t\t\t<img loading=\"lazy\" decoding=\"async\" width=\"1024\" height=\"749\" src=\"https:\/\/robein-hou.com\/wp-content\/uploads\/2025\/06\/Arpajon_12-1-e1749031934761-1024x749.jpg\" class=\"attachment-large size-large\" alt=\"\" srcset=\"https:\/\/robein-hou.com\/wp-content\/uploads\/2025\/06\/Arpajon_12-1-e1749031934761-1024x749.jpg 1024w, https:\/\/robein-hou.com\/wp-content\/uploads\/2025\/06\/Arpajon_12-1-e1749031934761-300x219.jpg 300w, https:\/\/robein-hou.com\/wp-content\/uploads\/2025\/06\/Arpajon_12-1-e1749031934761-768x562.jpg 768w, https:\/\/robein-hou.com\/wp-content\/uploads\/2025\/06\/Arpajon_12-1-e1749031934761.jpg 1302w\" sizes=\"(max-width: 1024px) 100vw, 1024px\" \/>\n\t\t\t<\/div><\/figure>\n\t\t<\/div>\n\t\t<\/div>\n\t\t\t\t\t\t<\/div>\n\t\t\t\t<\/div>\n\t\t\t\t\t<\/div>\n\t\t<\/div>\n\t\t\t\t\t<\/div>\n\t\t<\/section>\n\t\t<div class=\"elementor-element elementor-element-4ab3f68 e-flex e-con-boxed e-con e-parent\" data-id=\"4ab3f68\" data-element_type=\"container\" data-e-type=\"container\">\n\t\t\t\t\t<div class=\"e-con-inner\">\n\t\t\t\t<div class=\"elementor-element elementor-element-d7e8bb9 elementor-widget elementor-widget-text-editor\" data-id=\"d7e8bb9\" data-element_type=\"widget\" data-e-type=\"widget\" data-widget_type=\"text-editor.default\">\n\t\t\t\t<div class=\"elementor-widget-container\">\n\t\t\t\t\t\t\t\t\t<h6 style=\"text-align: right;\">Tilt and shoot photographes<\/h6>\t\t\t\t\t\t\t\t<\/div>\n\t\t\t\t<\/div>\n\t\t\t\t\t<\/div>\n\t\t\t\t<\/div>\n\t\t<div class=\"elementor-element elementor-element-583618f e-flex e-con-boxed e-con e-parent\" data-id=\"583618f\" data-element_type=\"container\" data-e-type=\"container\">\n\t\t\t\t\t<div class=\"e-con-inner\">\n\t\t\t\t<div class=\"elementor-element elementor-element-5a6bc2a elementor-widget elementor-widget-spacer\" data-id=\"5a6bc2a\" data-element_type=\"widget\" data-e-type=\"widget\" data-widget_type=\"spacer.default\">\n\t\t\t\t<div class=\"elementor-widget-container\">\n\t\t\t\t\t\t\t<div class=\"elementor-spacer\">\n\t\t\t<div class=\"elementor-spacer-inner\"><\/div>\n\t\t<\/div>\n\t\t\t\t\t\t<\/div>\n\t\t\t\t<\/div>\n\t\t\t\t\t<\/div>\n\t\t\t\t<\/div>\n\t\t<div class=\"elementor-element elementor-element-2633128 e-flex e-con-boxed e-con e-parent\" data-id=\"2633128\" data-element_type=\"container\" data-e-type=\"container\">\n\t\t\t\t\t<div class=\"e-con-inner\">\n\t\t\t\t<div class=\"elementor-element elementor-element-384b9cc elementor-widget elementor-widget-image\" data-id=\"384b9cc\" data-element_type=\"widget\" data-e-type=\"widget\" data-widget_type=\"image.default\">\n\t\t\t\t<div class=\"elementor-widget-container\">\n\t\t\t\t\t\t\t\t\t\t\t\t\t\t\t<img loading=\"lazy\" decoding=\"async\" width=\"150\" height=\"150\" src=\"https:\/\/robein-hou.com\/wp-content\/uploads\/2024\/04\/Logo-30-150x150.jpg\" class=\"attachment-thumbnail size-thumbnail wp-image-2327\" alt=\"\" srcset=\"https:\/\/robein-hou.com\/wp-content\/uploads\/2024\/04\/Logo-30-150x150.jpg 150w, https:\/\/robein-hou.com\/wp-content\/uploads\/2024\/04\/Logo-30-300x300.jpg 300w, https:\/\/robein-hou.com\/wp-content\/uploads\/2024\/04\/Logo-30.jpg 356w\" sizes=\"(max-width: 150px) 100vw, 150px\" \/>\t\t\t\t\t\t\t\t\t\t\t\t\t\t\t<\/div>\n\t\t\t\t<\/div>\n\t\t\t\t\t<\/div>\n\t\t\t\t<\/div>\n\t\t\t\t<\/div>\n\t\t","protected":false},"excerpt":{"rendered":"<p>Arpajon Architecte mandataire : Lazo et Mure architectes, Paris Architecte en collaboration : Robein Hou architectes Val\u00e9rian Hou chef de projet, direction des travaux 2021 &#8211; 2024 Programme : Extension et restructuration de l&rsquo;ehpad d&rsquo;Arpajon Maitre d&rsquo;ouvrage : Centre hospitalier sud Francilien Surface : 3200 m\u00b2 Montant des travaux : 7 millions \u20ac BET : &hellip;<\/p>\n<p class=\"read-more\"> <a class=\"\" href=\"https:\/\/robein-hou.com\/index.php\/page-arpajon-2\/\"> <span class=\"screen-reader-text\">Page Arpajon<\/span> Lire la suite\u00a0\u00bb<\/a><\/p>\n","protected":false},"author":1,"featured_media":0,"parent":0,"menu_order":0,"comment_status":"closed","ping_status":"closed","template":"","meta":{"site-sidebar-layout":"default","site-content-layout":"default","ast-global-header-display":"","ast-banner-title-visibility":"","ast-main-header-display":"","ast-hfb-above-header-display":"","ast-hfb-below-header-display":"","ast-hfb-mobile-header-display":"","site-post-title":"disabled","ast-breadcrumbs-content":"","ast-featured-img":"","footer-sml-layout":"","theme-transparent-header-meta":"","adv-header-id-meta":"","stick-header-meta":"","header-above-stick-meta":"","header-main-stick-meta":"","header-below-stick-meta":"","footnotes":""},"class_list":["post-2044","page","type-page","status-publish","hentry"],"jetpack_sharing_enabled":true,"_links":{"self":[{"href":"https:\/\/robein-hou.com\/index.php\/wp-json\/wp\/v2\/pages\/2044","targetHints":{"allow":["GET"]}}],"collection":[{"href":"https:\/\/robein-hou.com\/index.php\/wp-json\/wp\/v2\/pages"}],"about":[{"href":"https:\/\/robein-hou.com\/index.php\/wp-json\/wp\/v2\/types\/page"}],"author":[{"embeddable":true,"href":"https:\/\/robein-hou.com\/index.php\/wp-json\/wp\/v2\/users\/1"}],"replies":[{"embeddable":true,"href":"https:\/\/robein-hou.com\/index.php\/wp-json\/wp\/v2\/comments?post=2044"}],"version-history":[{"count":99,"href":"https:\/\/robein-hou.com\/index.php\/wp-json\/wp\/v2\/pages\/2044\/revisions"}],"predecessor-version":[{"id":2733,"href":"https:\/\/robein-hou.com\/index.php\/wp-json\/wp\/v2\/pages\/2044\/revisions\/2733"}],"wp:attachment":[{"href":"https:\/\/robein-hou.com\/index.php\/wp-json\/wp\/v2\/media?parent=2044"}],"curies":[{"name":"wp","href":"https:\/\/api.w.org\/{rel}","templated":true}]}}