{"id":1864,"date":"2021-11-21T15:14:19","date_gmt":"2021-11-21T14:14:19","guid":{"rendered":"http:\/\/robein-hou.com\/index.php\/about-3\/"},"modified":"2025-06-04T12:17:23","modified_gmt":"2025-06-04T10:17:23","slug":"about-3","status":"publish","type":"page","link":"https:\/\/robein-hou.com\/index.php\/about-3\/","title":{"rendered":"Agence"},"content":{"rendered":"\t\t<div data-elementor-type=\"wp-page\" data-elementor-id=\"1864\" class=\"elementor elementor-1864\">\n\t\t\t\t<div class=\"elementor-element elementor-element-b036c0e e-flex e-con-boxed e-con e-parent\" data-id=\"b036c0e\" data-element_type=\"container\" data-e-type=\"container\">\n\t\t\t\t\t<div class=\"e-con-inner\">\n\t\t\t\t\t<\/div>\n\t\t\t\t<\/div>\n\t\t<div class=\"elementor-element elementor-element-d2c590b e-flex e-con-boxed e-con e-parent\" data-id=\"d2c590b\" data-element_type=\"container\" data-e-type=\"container\">\n\t\t\t\t\t<div class=\"e-con-inner\">\n\t\t\t\t<div class=\"elementor-element elementor-element-8c92b96 elementor-widget elementor-widget-spacer\" data-id=\"8c92b96\" data-element_type=\"widget\" data-e-type=\"widget\" data-widget_type=\"spacer.default\">\n\t\t\t\t<div class=\"elementor-widget-container\">\n\t\t\t\t\t\t\t<div class=\"elementor-spacer\">\n\t\t\t<div class=\"elementor-spacer-inner\"><\/div>\n\t\t<\/div>\n\t\t\t\t\t\t<\/div>\n\t\t\t\t<\/div>\n\t\t\t\t\t<\/div>\n\t\t\t\t<\/div>\n\t\t<div class=\"elementor-element elementor-element-43b3969 animated-slow e-flex e-con-boxed e-con e-parent\" data-id=\"43b3969\" data-element_type=\"container\" data-e-type=\"container\" data-settings=\"{&quot;animation&quot;:&quot;none&quot;}\">\n\t\t\t\t\t<div class=\"e-con-inner\">\n\t\t<div class=\"elementor-element elementor-element-d5cdb48 e-con-full animated-slow e-flex e-con e-child\" data-id=\"d5cdb48\" data-element_type=\"container\" data-e-type=\"container\" data-settings=\"{&quot;animation&quot;:&quot;none&quot;}\">\n\t\t\t\t<div class=\"elementor-element elementor-element-b1d4ab9 elementor-widget elementor-widget-image\" data-id=\"b1d4ab9\" data-element_type=\"widget\" data-e-type=\"widget\" data-widget_type=\"image.default\">\n\t\t\t\t<div class=\"elementor-widget-container\">\n\t\t\t\t\t\t\t\t\t\t\t\t\t\t\t<img fetchpriority=\"high\" decoding=\"async\" width=\"768\" height=\"768\" src=\"https:\/\/robein-hou.com\/wp-content\/uploads\/2024\/04\/Elise-768x768.jpg\" class=\"attachment-medium_large size-medium_large wp-image-2301\" alt=\"\" srcset=\"https:\/\/robein-hou.com\/wp-content\/uploads\/2024\/04\/Elise-768x768.jpg 768w, https:\/\/robein-hou.com\/wp-content\/uploads\/2024\/04\/Elise-300x300.jpg 300w, https:\/\/robein-hou.com\/wp-content\/uploads\/2024\/04\/Elise-1024x1024.jpg 1024w, https:\/\/robein-hou.com\/wp-content\/uploads\/2024\/04\/Elise-150x150.jpg 150w, https:\/\/robein-hou.com\/wp-content\/uploads\/2024\/04\/Elise-1536x1536.jpg 1536w, https:\/\/robein-hou.com\/wp-content\/uploads\/2024\/04\/elementor\/thumbs\/Elise-qnh1jeuvup32e6ip5rc3xcwgktfqhvgj5nvhx6xy3s.jpg 100w, https:\/\/robein-hou.com\/wp-content\/uploads\/2024\/04\/Elise.jpg 1772w\" sizes=\"(max-width: 768px) 100vw, 768px\" \/>\t\t\t\t\t\t\t\t\t\t\t\t\t\t\t<\/div>\n\t\t\t\t<\/div>\n\t\t\t\t<\/div>\n\t\t<div class=\"elementor-element elementor-element-259a256 e-con-full e-flex e-con e-child\" data-id=\"259a256\" data-element_type=\"container\" data-e-type=\"container\">\n\t\t\t\t<div class=\"elementor-element elementor-element-6a97dc6 animated-slow elementor-widget elementor-widget-image\" data-id=\"6a97dc6\" data-element_type=\"widget\" data-e-type=\"widget\" data-settings=\"{&quot;_animation&quot;:&quot;none&quot;}\" data-widget_type=\"image.default\">\n\t\t\t\t<div class=\"elementor-widget-container\">\n\t\t\t\t\t\t\t\t\t\t\t\t\t\t\t<img decoding=\"async\" width=\"768\" height=\"768\" src=\"https:\/\/robein-hou.com\/wp-content\/uploads\/2024\/04\/Valou-768x768.jpg\" class=\"attachment-medium_large size-medium_large wp-image-2302\" alt=\"\" srcset=\"https:\/\/robein-hou.com\/wp-content\/uploads\/2024\/04\/Valou-768x768.jpg 768w, https:\/\/robein-hou.com\/wp-content\/uploads\/2024\/04\/Valou-300x300.jpg 300w, https:\/\/robein-hou.com\/wp-content\/uploads\/2024\/04\/Valou-1024x1024.jpg 1024w, https:\/\/robein-hou.com\/wp-content\/uploads\/2024\/04\/Valou-150x150.jpg 150w, https:\/\/robein-hou.com\/wp-content\/uploads\/2024\/04\/Valou-1536x1536.jpg 1536w, https:\/\/robein-hou.com\/wp-content\/uploads\/2024\/04\/Valou.jpg 1772w\" sizes=\"(max-width: 768px) 100vw, 768px\" \/>\t\t\t\t\t\t\t\t\t\t\t\t\t\t\t<\/div>\n\t\t\t\t<\/div>\n\t\t\t\t<\/div>\n\t\t\t\t\t<\/div>\n\t\t\t\t<\/div>\n\t\t<div class=\"elementor-element elementor-element-243858c e-grid animated-slow e-con-boxed elementor-invisible e-con e-parent\" data-id=\"243858c\" data-element_type=\"container\" data-e-type=\"container\" data-settings=\"{&quot;animation&quot;:&quot;fadeIn&quot;}\">\n\t\t\t\t\t<div class=\"e-con-inner\">\n\t\t\t\t<div class=\"elementor-element elementor-element-b3d959b elementor-widget elementor-widget-text-editor\" data-id=\"b3d959b\" data-element_type=\"widget\" data-e-type=\"widget\" data-widget_type=\"text-editor.default\">\n\t\t\t\t<div class=\"elementor-widget-container\">\n\t\t\t\t\t\t\t\t\t<p style=\"text-align: left;\">Elise Fellner Robein<\/p>\t\t\t\t\t\t\t\t<\/div>\n\t\t\t\t<\/div>\n\t\t\t\t<div class=\"elementor-element elementor-element-984206d elementor-widget elementor-widget-text-editor\" data-id=\"984206d\" data-element_type=\"widget\" data-e-type=\"widget\" data-widget_type=\"text-editor.default\">\n\t\t\t\t<div class=\"elementor-widget-container\">\n\t\t\t\t\t\t\t\t\t<p>Val\u00e9rian Hou<\/p>\t\t\t\t\t\t\t\t<\/div>\n\t\t\t\t<\/div>\n\t\t\t\t\t<\/div>\n\t\t\t\t<\/div>\n\t\t<div class=\"elementor-element elementor-element-39f172c e-grid animated-slow e-con-boxed elementor-invisible e-con e-parent\" data-id=\"39f172c\" data-element_type=\"container\" data-e-type=\"container\" data-settings=\"{&quot;animation&quot;:&quot;fadeIn&quot;}\">\n\t\t\t\t\t<div class=\"e-con-inner\">\n\t\t\t\t<div class=\"elementor-element elementor-element-236a51e elementor-widget elementor-widget-text-editor\" data-id=\"236a51e\" data-element_type=\"widget\" data-e-type=\"widget\" data-widget_type=\"text-editor.default\">\n\t\t\t\t<div class=\"elementor-widget-container\">\n\t\t\t\t\t\t\t\t\t<p><span style=\"font-style: inherit; font-weight: inherit; text-align: var(--text-align); background-color: var(--ast-global-color-5); color: var(--ast-global-color-3);\">Emmanuelle Colboc et associ\u00e9s, Paris<\/span><\/p><p><span style=\"font-style: inherit; font-weight: inherit; text-align: var(--text-align); background-color: var(--ast-global-color-5); color: var(--ast-global-color-3);\">Michel R\u00e9mon et associ\u00e9s, Paris<\/span><\/p><p><span style=\"font-style: inherit; font-weight: inherit; text-align: var(--text-align); background-color: var(--ast-global-color-5); color: var(--ast-global-color-3);\">Lazo et Mure architectes, Paris<\/span><\/p><p>Rudolf + Sohn, Munich Allemagne\u00a0<\/p>\t\t\t\t\t\t\t\t<\/div>\n\t\t\t\t<\/div>\n\t\t\t\t<div class=\"elementor-element elementor-element-0cb9d1b elementor-widget elementor-widget-text-editor\" data-id=\"0cb9d1b\" data-element_type=\"widget\" data-e-type=\"widget\" data-widget_type=\"text-editor.default\">\n\t\t\t\t<div class=\"elementor-widget-container\">\n\t\t\t\t\t\t\t\t\t<p>Lazo et Mure architectes, Paris<\/p>\n<p>gmp, Hambourg Allemagne<\/p>\n<p>Caretta + Weidmann, B\u00e2le Suisse<\/p>\t\t\t\t\t\t\t\t<\/div>\n\t\t\t\t<\/div>\n\t\t\t\t\t<\/div>\n\t\t\t\t<\/div>\n\t\t<div class=\"elementor-element elementor-element-5456e57 e-flex e-con-boxed e-con e-parent\" data-id=\"5456e57\" data-element_type=\"container\" data-e-type=\"container\">\n\t\t\t\t\t<div class=\"e-con-inner\">\n\t\t\t\t<div class=\"elementor-element elementor-element-4bfb450 elementor-widget elementor-widget-spacer\" data-id=\"4bfb450\" data-element_type=\"widget\" data-e-type=\"widget\" data-widget_type=\"spacer.default\">\n\t\t\t\t<div class=\"elementor-widget-container\">\n\t\t\t\t\t\t\t<div class=\"elementor-spacer\">\n\t\t\t<div class=\"elementor-spacer-inner\"><\/div>\n\t\t<\/div>\n\t\t\t\t\t\t<\/div>\n\t\t\t\t<\/div>\n\t\t\t\t<div class=\"elementor-element elementor-element-69c4cdd elementor-widget elementor-widget-text-editor\" data-id=\"69c4cdd\" data-element_type=\"widget\" data-e-type=\"widget\" data-widget_type=\"text-editor.default\">\n\t\t\t\t<div class=\"elementor-widget-container\">\n\t\t\t\t\t\t\t\t\t<p><b>Une nouvelle soci\u00e9t\u00e9 se dessine<\/b>. Dans le contexte de crise \u00e9cologique et sociale que nous rencontrons, l\u2019agence Robein Hou architectes d\u00e9fend une pratique architecturale engag\u00e9e, respectueuse des paysages b\u00e2tis et naturels.<\/p><p>\u00a0<\/p><p><b>Ressources.<\/b> Ce contexte contribue \u00e0 porter une attention \u00e0 la mati\u00e8re et \u00e0 l\u2019usage que l\u2019on en fait. En effet, ce re-questionnement sur l\u2019emploi des ressources dans la construction, conduit \u00e0 repenser la mani\u00e8re dont on aborde les choix des mat\u00e9riaux dans la conception du projet.<\/p><p>\u00a0<\/p><p><b>P\u00e9rennit\u00e9.<\/b> Nous pensons que le choix de mat\u00e9riaux et d\u2019une mise en oeuvre qui garantissent une p\u00e9rennit\u00e9 de l\u2019ouvrage et donc construire des b\u00e2timents qui sont capables de recevoir des r\u00e9parations, qui \u00e9voluent avec le temps plus qu\u2019ils ne se d\u00e9gradent, est sans doute une mani\u00e8re plus \u00ab durable \u00bb d\u2019envisager la vie des b\u00e2timents.<\/p><p>\u00a0<\/p><p><b>B\u00e2tir.<\/b> Face \u00e0 l\u2019urgence climatique nous devons repenser notre mani\u00e8re de b\u00e2tir sans pour autant faire passer la question architecturale au second plan. Nous sommes convaincus qu\u2019en tant qu\u2019architectes, nous devons rechercher une imbrication des questions environnementales dans la culture du m\u00e9tier et plus pr\u00e9cis\u00e9ment dans la culture du projet.<\/p><p>\u00a0<\/p><p><b>Engagement.<\/b> Ces convictions vont de pair avec notre engagement pour la maitrise de la qualit\u00e9 de l\u2019habitat et ainsi garantir la dignit\u00e9 du cadre de vie. Nous nous attachons \u00e0 r\u00e9pondre aux besoins de notre soci\u00e9t\u00e9 qui \u00e9volue et \u00e0 y participer tant que possible.<\/p><p>\u00a0<\/p><p><b>Service.<\/b> Notre travail de r\u00e9flexion sur l\u2019\u00e9volution de nos environnements, de nos modes d\u2019habiter, et d\u2019occuper l\u2019espace, nous pousse \u00e0 toujours remettre en perspective nos questionnements afin d\u2019apporter une r\u00e9ponse architecturale pertinente et r\u00e9pondre au mieux aux enjeux de la commande.<\/p><p>\u00a0<\/p><p><b>Coh\u00e9rence.<\/b> \u00c0 travers notre travail, nous tenons \u00e0 construire une pens\u00e9e coh\u00e9rente, autant d\u2019un point de vue projectuel, qu\u2019environnemental et soci\u00e9tal, et ainsi, d\u2019oeuvrer une architecture qui s\u2019inscrit dans la dur\u00e9e de la mati\u00e8re et des lieux.<\/p><p>\u00a0<\/p><p><b>Impact.<\/b> En tant qu\u2019architectes il est essentiel que nous travaillions en conscience de l\u2019impact que notre pratique peut avoir sur notre environnement proche, y compris \u00e9conomique, social, et culturel.<\/p>\t\t\t\t\t\t\t\t<\/div>\n\t\t\t\t<\/div>\n\t\t\t\t\t<\/div>\n\t\t\t\t<\/div>\n\t\t<div class=\"elementor-element elementor-element-430af16 e-flex e-con-boxed e-con e-parent\" data-id=\"430af16\" data-element_type=\"container\" data-e-type=\"container\">\n\t\t\t\t\t<div class=\"e-con-inner\">\n\t\t\t\t<div class=\"elementor-element elementor-element-abe94af elementor-widget elementor-widget-spacer\" data-id=\"abe94af\" data-element_type=\"widget\" data-e-type=\"widget\" data-widget_type=\"spacer.default\">\n\t\t\t\t<div class=\"elementor-widget-container\">\n\t\t\t\t\t\t\t<div class=\"elementor-spacer\">\n\t\t\t<div class=\"elementor-spacer-inner\"><\/div>\n\t\t<\/div>\n\t\t\t\t\t\t<\/div>\n\t\t\t\t<\/div>\n\t\t\t\t\t<\/div>\n\t\t\t\t<\/div>\n\t\t<div class=\"elementor-element elementor-element-65cee19 e-flex e-con-boxed e-con e-parent\" data-id=\"65cee19\" data-element_type=\"container\" data-e-type=\"container\">\n\t\t\t\t\t<div class=\"e-con-inner\">\n\t\t\t\t<div class=\"elementor-element elementor-element-f98cf9d elementor-widget elementor-widget-text-editor\" data-id=\"f98cf9d\" data-element_type=\"widget\" data-e-type=\"widget\" data-widget_type=\"text-editor.default\">\n\t\t\t\t<div class=\"elementor-widget-container\">\n\t\t\t\t\t\t\t\t\t<h6>RobeinHou architectes<br \/>S.A.R.L d&rsquo;architecture inscrite \u00e0 l&rsquo;ordre des architectes<br \/>Si\u00e8ge social : 13 A rue de Geispitzen, Schlierbach<\/h6>\t\t\t\t\t\t\t\t<\/div>\n\t\t\t\t<\/div>\n\t\t\t\t\t<\/div>\n\t\t\t\t<\/div>\n\t\t<div class=\"elementor-element elementor-element-b5be0bd e-flex e-con-boxed e-con e-parent\" data-id=\"b5be0bd\" data-element_type=\"container\" data-e-type=\"container\">\n\t\t\t\t\t<div class=\"e-con-inner\">\n\t\t\t\t<div class=\"elementor-element elementor-element-082f18e elementor-widget__width-initial elementor-widget elementor-widget-image\" data-id=\"082f18e\" data-element_type=\"widget\" data-e-type=\"widget\" data-widget_type=\"image.default\">\n\t\t\t\t<div class=\"elementor-widget-container\">\n\t\t\t\t\t\t\t\t\t\t\t\t\t\t\t<img decoding=\"async\" width=\"300\" height=\"52\" src=\"https:\/\/robein-hou.com\/wp-content\/uploads\/2024\/01\/07_-_oa.2_avec_mention-_mono_n-300x52.jpg\" class=\"attachment-medium size-medium wp-image-2277\" alt=\"\" srcset=\"https:\/\/robein-hou.com\/wp-content\/uploads\/2024\/01\/07_-_oa.2_avec_mention-_mono_n-300x52.jpg 300w, https:\/\/robein-hou.com\/wp-content\/uploads\/2024\/01\/07_-_oa.2_avec_mention-_mono_n-1024x176.jpg 1024w, https:\/\/robein-hou.com\/wp-content\/uploads\/2024\/01\/07_-_oa.2_avec_mention-_mono_n-768x132.jpg 768w, https:\/\/robein-hou.com\/wp-content\/uploads\/2024\/01\/07_-_oa.2_avec_mention-_mono_n-1536x264.jpg 1536w, https:\/\/robein-hou.com\/wp-content\/uploads\/2024\/01\/07_-_oa.2_avec_mention-_mono_n-2048x353.jpg 2048w\" sizes=\"(max-width: 300px) 100vw, 300px\" \/>\t\t\t\t\t\t\t\t\t\t\t\t\t\t\t<\/div>\n\t\t\t\t<\/div>\n\t\t\t\t\t<\/div>\n\t\t\t\t<\/div>\n\t\t<div class=\"elementor-element elementor-element-edf4ecb e-flex e-con-boxed e-con e-parent\" data-id=\"edf4ecb\" data-element_type=\"container\" data-e-type=\"container\">\n\t\t\t\t\t<div class=\"e-con-inner\">\n\t\t\t\t\t<\/div>\n\t\t\t\t<\/div>\n\t\t\t\t<\/div>\n\t\t","protected":false},"excerpt":{"rendered":"<p>Elise Fellner Robein Val\u00e9rian Hou Emmanuelle Colboc et associ\u00e9s, Paris Michel R\u00e9mon et associ\u00e9s, Paris Lazo et Mure architectes, Paris Rudolf + Sohn, Munich Allemagne\u00a0 Lazo et Mure architectes, Paris gmp, Hambourg Allemagne Caretta + Weidmann, B\u00e2le Suisse Une nouvelle soci\u00e9t\u00e9 se dessine. Dans le contexte de crise \u00e9cologique et sociale que nous rencontrons, l\u2019agence &hellip;<\/p>\n<p class=\"read-more\"> <a class=\"\" href=\"https:\/\/robein-hou.com\/index.php\/about-3\/\"> <span class=\"screen-reader-text\">Agence<\/span> Lire la suite\u00a0\u00bb<\/a><\/p>\n","protected":false},"author":1,"featured_media":0,"parent":0,"menu_order":0,"comment_status":"closed","ping_status":"closed","template":"","meta":{"site-sidebar-layout":"no-sidebar","site-content-layout":"page-builder","ast-global-header-display":"","ast-banner-title-visibility":"","ast-main-header-display":"","ast-hfb-above-header-display":"","ast-hfb-below-header-display":"","ast-hfb-mobile-header-display":"","site-post-title":"disabled","ast-breadcrumbs-content":"","ast-featured-img":"disabled","footer-sml-layout":"","theme-transparent-header-meta":"enabled","adv-header-id-meta":"","stick-header-meta":"","header-above-stick-meta":"","header-main-stick-meta":"","header-below-stick-meta":"","footnotes":""},"class_list":["post-1864","page","type-page","status-publish","hentry"],"jetpack_sharing_enabled":true,"_links":{"self":[{"href":"https:\/\/robein-hou.com\/index.php\/wp-json\/wp\/v2\/pages\/1864","targetHints":{"allow":["GET"]}}],"collection":[{"href":"https:\/\/robein-hou.com\/index.php\/wp-json\/wp\/v2\/pages"}],"about":[{"href":"https:\/\/robein-hou.com\/index.php\/wp-json\/wp\/v2\/types\/page"}],"author":[{"embeddable":true,"href":"https:\/\/robein-hou.com\/index.php\/wp-json\/wp\/v2\/users\/1"}],"replies":[{"embeddable":true,"href":"https:\/\/robein-hou.com\/index.php\/wp-json\/wp\/v2\/comments?post=1864"}],"version-history":[{"count":132,"href":"https:\/\/robein-hou.com\/index.php\/wp-json\/wp\/v2\/pages\/1864\/revisions"}],"predecessor-version":[{"id":2634,"href":"https:\/\/robein-hou.com\/index.php\/wp-json\/wp\/v2\/pages\/1864\/revisions\/2634"}],"wp:attachment":[{"href":"https:\/\/robein-hou.com\/index.php\/wp-json\/wp\/v2\/media?parent=1864"}],"curies":[{"name":"wp","href":"https:\/\/api.w.org\/{rel}","templated":true}]}}